{"id":71,"date":"2023-03-24T12:32:21","date_gmt":"2023-03-24T11:32:21","guid":{"rendered":"https:\/\/d2consult.fr\/?page_id=71"},"modified":"2024-06-12T16:40:24","modified_gmt":"2024-06-12T14:40:24","slug":"accompagnement-projets","status":"publish","type":"page","link":"https:\/\/d2consult.fr\/?page_id=71","title":{"rendered":"Accompagnement de projets"},"content":{"rendered":"\n<div class=\"wp-block-columns is-layout-flex wp-container-core-columns-is-layout-9d6595d7 wp-block-columns-is-layout-flex\">\n<div class=\"wp-block-column is-layout-flow wp-block-column-is-layout-flow\" style=\"flex-basis:40%\">\n<p class=\"has-base-3-color has-text-color\"><\/p>\n\n\n\n<figure class=\"wp-block-image size-full\"><img loading=\"lazy\" decoding=\"async\" width=\"480\" height=\"300\" src=\"https:\/\/d2consult.fr\/wp-content\/uploads\/2023\/05\/6913.jpg\" alt=\"\" class=\"wp-image-942\" srcset=\"https:\/\/d2consult.fr\/wp-content\/uploads\/2023\/05\/6913.jpg 480w, https:\/\/d2consult.fr\/wp-content\/uploads\/2023\/05\/6913-300x188.jpg 300w\" sizes=\"auto, (max-width: 480px) 100vw, 480px\" \/><\/figure>\n\n\n\n<hr class=\"wp-block-separator has-text-color has-base-3-color has-alpha-channel-opacity has-base-3-background-color has-background\"\/>\n\n\n\n<div class=\"wp-block-buttons is-content-justification-center is-layout-flex wp-container-core-buttons-is-layout-16018d1d wp-block-buttons-is-layout-flex\">\n<div class=\"wp-block-button has-custom-font-size has-medium-font-size\"><a class=\"wp-block-button__link has-accent-background-color has-background has-text-align-center wp-element-button\" href=\"https:\/\/d2consult.fr\/?page_id=17\">Me contacter<\/a><\/div>\n<\/div>\n\n\n\n<div style=\"height:100px\" aria-hidden=\"true\" class=\"wp-block-spacer\"><\/div>\n\n\n\n<div class=\"wp-block-columns is-layout-flex wp-container-core-columns-is-layout-9d6595d7 wp-block-columns-is-layout-flex\">\n<div class=\"wp-block-column is-layout-flow wp-block-column-is-layout-flow\">\n<p class=\"has-text-align-left\"><strong><mark style=\"background-color:rgba(0, 0, 0, 0)\" class=\"has-inline-color has-accent-color\">Vous cherchez \u00e0 construire un <a href=\"https:\/\/d2consult.fr\/index.php\/mon-offre-2-2\/lefc\/#modele-economique\">mod\u00e8le \u00e9conomique<\/a> qui permette de valoriser financi\u00e8rement les impacts sociaux ou environnementaux de votre activit\u00e9 ?<\/mark><\/strong><\/p>\n<\/div>\n\n\n\n<div class=\"wp-block-column is-layout-flow wp-block-column-is-layout-flow\">\n<figure class=\"wp-block-image size-full\"><a href=\"https:\/\/d2consult.fr\/index.php\/mon-offre-2-2\/lefc\/#modele-economique\"><img loading=\"lazy\" decoding=\"async\" width=\"802\" height=\"672\" src=\"https:\/\/d2consult.fr\/wp-content\/uploads\/2023\/03\/image.png\" alt=\"\" class=\"wp-image-64\" srcset=\"https:\/\/d2consult.fr\/wp-content\/uploads\/2023\/03\/image.png 802w, https:\/\/d2consult.fr\/wp-content\/uploads\/2023\/03\/image-300x251.png 300w, https:\/\/d2consult.fr\/wp-content\/uploads\/2023\/03\/image-768x644.png 768w\" sizes=\"auto, (max-width: 802px) 100vw, 802px\" \/><\/a><\/figure>\n<\/div>\n<\/div>\n\n\n\n<p>Aujourd&rsquo;hui, vendez-vous ce que vous produisez ?<\/p>\n\n\n\n<p>Souvent les objectifs de votre projet, ce qui vous motive et vous fait vous lever le matin avec le sourire, sont en d\u00e9calage avec ce que vous vendez ou mettez en avant dans les devis ou demandes de subvention.<\/p>\n\n\n\n<p>Le risque est alors d\u2019abandonner les v\u00e9ritables objectifs de votre projet pour survivre\u2026<\/p>\n\n\n\n<p>En effet, le mod\u00e8le \u00e9conomique dominant actuel concentre l&rsquo;attention sur le mod\u00e8le d&rsquo;affaires, l&rsquo;int\u00e9r\u00eat financier de votre projet ou sur des unit\u00e9s quantifiables dans une logique de maximisation de ces variables.  <\/p>\n\n\n\n<p>Comment alors transformer en valeur mon\u00e9taire les impacts positifs de votre projet en mati\u00e8re de bien-vivre, de lien social, de protection de la biodiversit\u00e9, etc. ?<\/p>\n\n\n\n<div class=\"wp-block-group has-vert-claire-background-color has-background\"><div class=\"wp-block-group__inner-container is-layout-constrained wp-block-group-is-layout-constrained\">\n<p>Par exemple, le succ\u00e8s d\u2019une \u00e9cole v\u00e9lo va peut-\u00eatre \u00eatre \u00e9valu\u00e9 au nombre d\u2019\u00e9l\u00e8ves \u00ab\u00a0form\u00e9s\u00a0\u00bb au v\u00e9lo. Si on regarde de plus pr\u00e8s on va \u00eatre amen\u00e9 \u00e0 aborder d&rsquo;autres sujets tels que :<\/p>\n\n\n\n<ul class=\"wp-block-list\">\n<li>la mobilit\u00e9 professionnelle : disposer d&rsquo;un moyen de d\u00e9placement pour des personnes qui ne peuvent pas acheter une voiture (lorsque la distance \u00e0 parcourir est raisonnable)<\/li>\n\n\n\n<li>la parentalit\u00e9 : accompagner son enfant dans ses loisirs et\/ou ses d\u00e9placements<\/li>\n\n\n\n<li>la socialisation<\/li>\n\n\n\n<li>la sant\u00e9<\/li>\n\n\n\n<li>&#8230; <\/li>\n<\/ul>\n<\/div><\/div>\n\n\n\n<p>R\u00e9v\u00e9ler ces externalit\u00e9s positives produites par vos activit\u00e9s est le premier pas pour construire une nouvelle strat\u00e9gie, identifier de nouveaux partenaires pour cr\u00e9er des synergies et transformer cette valeur non-mon\u00e9taire en revenus. <\/p>\n<\/div>\n\n\n\n<div class=\"wp-block-column is-layout-flow wp-block-column-is-layout-flow\" style=\"flex-basis:60%\">\n<p class=\"has-text-align-center has-large-font-size\"><strong><mark style=\"background-color:rgba(0, 0, 0, 0)\" class=\"has-inline-color has-marron-color\">ACCOMPAGNEMENT DE PROJETS<\/mark><\/strong><\/p>\n\n\n\n<div class=\"wp-block-group is-vertical is-layout-flex wp-container-core-group-is-layout-8cf370e7 wp-block-group-is-layout-flex\">\n<div class=\"wp-block-group\"><div class=\"wp-block-group__inner-container is-layout-constrained wp-block-group-is-layout-constrained\">\n<p>Quel que soit votre  r\u00f4le, dirigeant.e, citoyen.ne, agent.e de collectivit\u00e9, \u00e9lu.e&#8230; que vous soyez seul.e ou au sein d&rsquo;un collectif, vous avez un projet et <strong><mark style=\"background-color:rgba(0, 0, 0, 0)\" class=\"has-inline-color has-marron-color\">vous cherchez des ressources pour vous accompagner sur certaines dimensions <\/mark><\/strong>qui peuvent concerner : <\/p>\n\n\n\n<ul class=\"wp-block-list\">\n<li>la pr\u00e9paration d&rsquo;un dossier de demande de financement <\/li>\n\n\n\n<li>la mobilisation d&rsquo;acteurs pour coconstruire des r\u00e9ponses pertinentes aux enjeux de mobilit\u00e9, d\u2019alimentation, de biodiversit\u00e9, d\u2019habitat, de consommation\u2026<\/li>\n\n\n\n<li>la recherche d&rsquo;un <a href=\"https:\/\/d2consult.fr\/?page_id=68\/#modele-economique\" data-type=\"page\" data-id=\"68\">mod\u00e8le \u00e9conomique<\/a> qui permette de p\u00e9renniser votre projet sans perdre de vue les impacts que vous souhaitez d\u00e9velopper <\/li>\n\n\n\n<li>la recherche d&rsquo;un mod\u00e8le \u00e9conomique qui permette de concilier d\u00e9veloppement de votre entreprise, ou des entreprises du territoire, pr\u00e9servation de l&rsquo;environnement et protection de l&#8217;emploi<\/li>\n\n\n\n<li>la mise en place de coop\u00e9rations entre acteurs qui, \u00e0 l&rsquo;image des musiciens d&rsquo;un orchestre, cherchent \u00e0 \u0153uvrer ensemble <\/li>\n\n\n\n<li>la mise en place de pratiques r\u00e9flexives dans la vie de votre organisation pour apprendre des exp\u00e9riences ou des projets que vous menez<\/li>\n\n\n\n<li>&#8230; <\/li>\n<\/ul>\n<\/div><\/div>\n<\/div>\n\n\n\n<div class=\"wp-block-group\"><div class=\"wp-block-group__inner-container is-layout-constrained wp-block-group-is-layout-constrained\">\n<p>L&rsquo;accompagnement que je vous propose s&rsquo;appuie sur diff\u00e9rentes modalit\u00e9s possibles qui sont engag\u00e9es au fur et \u00e0 mesure des besoins dans une <strong>d\u00e9marche adapt\u00e9e au r\u00e9el<\/strong>, par essence diff\u00e9rent de ce qui avait \u00e9t\u00e9 pr\u00e9vu, tout en gardant la vis\u00e9e d\u00e9finie ensemble.<\/p>\n\n\n\n<p>Les dimensions d\u2019accompagnement sont ainsi discut\u00e9es et arbitr\u00e9es au fur et \u00e0 mesure pour :<\/p>\n\n\n\n<ul class=\"wp-block-list\">\n<li>soutenir les actions et les personnes qui les portent,<\/li>\n\n\n\n<li>tenir compte du r\u00e9el (avanc\u00e9es, difficult\u00e9s rencontr\u00e9es, opportunit\u00e9s\u2026).<\/li>\n<\/ul>\n\n\n\n<p><strong>Les effets utiles attendus<\/strong> portent sur : <\/p>\n\n\n\n<ul class=\"wp-block-list\">\n<li>La mobilisation d&rsquo;acteurs du territoire, de partenaires aux comp\u00e9tences compl\u00e9mentaires, n\u00e9cessaires pour r\u00e9pondre aux enjeux<\/li>\n\n\n\n<li>La construction d&rsquo;un \u00ab\u00a0point de vue\u00a0\u00bb partag\u00e9 sur les enjeux en s&rsquo;appuyant sur le r\u00e9f\u00e9rentiel de <a href=\"https:\/\/d2consult.fr\/?page_id=68\">l\u2019Economie de la Fonctionnalit\u00e9 et de la Coop\u00e9ration (EFC)<\/a><\/li>\n\n\n\n<li>L&rsquo;identification des externalit\u00e9s sociales et environnementales \u00e0 int\u00e9grer dans les activit\u00e9s \u00e0 cr\u00e9er ou transformer<\/li>\n\n\n\n<li>La construction d\u2019une vis\u00e9e commune pour le projet<\/li>\n\n\n\n<li>La co-construction des activit\u00e9s comme r\u00e9ponses aux enjeux, avec les clients ou b\u00e9n\u00e9ficiaires, en tenant compte des usages, des modes de vie et de l&rsquo;organisation du travail<\/li>\n\n\n\n<li>Le d\u00e9veloppement de coop\u00e9rations et de la maturit\u00e9 coop\u00e9rative<\/li>\n\n\n\n<li>Le d\u00e9veloppement d\u2019un mod\u00e8le \u00e9conomique au niveau micro (entreprise) ou pluri-acteurs qui valorise les impacts<\/li>\n\n\n\n<li>&#8230;<\/li>\n<\/ul>\n\n\n\n<div style=\"height:63px\" aria-hidden=\"true\" class=\"wp-block-spacer\"><\/div>\n\n\n\n<div class=\"wp-block-columns is-layout-flex wp-container-core-columns-is-layout-9d6595d7 wp-block-columns-is-layout-flex\">\n<div class=\"wp-block-column is-layout-flow wp-block-column-is-layout-flow\">\n<p class=\"has-text-align-center\">                   <a href=\"https:\/\/d2consult.fr\/?cat=36\">Quelques r\u00e9alisations<\/a><\/p>\n<\/div>\n\n\n\n<div class=\"wp-block-column is-layout-flow wp-block-column-is-layout-flow\">\n<p>Vers <a href=\"https:\/\/d2consult.fr\/?page_id=66\">Mon offre<\/a><\/p>\n<\/div>\n<\/div>\n<\/div><\/div>\n\n\n\n<p class=\"has-text-align-right\"> <a style=\"text-align: center; font-size: inherit; background-color: var(--base-3);\" href=\"https:\/\/d2consult.fr\/?page_id=17\"><img loading=\"lazy\" decoding=\"async\" width=\"275\" height=\"49\" class=\"wp-image-242\" src=\"https:\/\/d2consult.fr\/wp-content\/uploads\/2023\/03\/image-8.png\" alt=\"\" srcset=\"https:\/\/d2consult.fr\/wp-content\/uploads\/2023\/03\/image-8.png 441w, https:\/\/d2consult.fr\/wp-content\/uploads\/2023\/03\/image-8-300x54.png 300w\" sizes=\"auto, (max-width: 275px) 100vw, 275px\" \/><\/a> <\/p>\n<\/div>\n<\/div>\n","protected":false},"excerpt":{"rendered":"<p>Vous cherchez \u00e0 construire un mod\u00e8le \u00e9conomique qui permette de valoriser financi\u00e8rement les impacts sociaux ou environnementaux de votre activit\u00e9 ? Aujourd&rsquo;hui, vendez-vous ce que vous produisez ? Souvent les objectifs de votre projet, ce qui vous motive et vous fait vous lever le matin avec le sourire, sont en d\u00e9calage avec ce que vous &#8230; <a title=\"Accompagnement de projets\" class=\"read-more\" href=\"https:\/\/d2consult.fr\/?page_id=71\" aria-label=\"En savoir plus sur Accompagnement de projets\">Lire la suite<\/a><\/p>\n","protected":false},"author":1,"featured_media":0,"parent":66,"menu_order":0,"comment_status":"closed","ping_status":"closed","template":"","meta":{"footnotes":""},"class_list":["post-71","page","type-page","status-publish"],"_links":{"self":[{"href":"https:\/\/d2consult.fr\/index.php?rest_route=\/wp\/v2\/pages\/71","targetHints":{"allow":["GET"]}}],"collection":[{"href":"https:\/\/d2consult.fr\/index.php?rest_route=\/wp\/v2\/pages"}],"about":[{"href":"https:\/\/d2consult.fr\/index.php?rest_route=\/wp\/v2\/types\/page"}],"author":[{"embeddable":true,"href":"https:\/\/d2consult.fr\/index.php?rest_route=\/wp\/v2\/users\/1"}],"replies":[{"embeddable":true,"href":"https:\/\/d2consult.fr\/index.php?rest_route=%2Fwp%2Fv2%2Fcomments&post=71"}],"version-history":[{"count":58,"href":"https:\/\/d2consult.fr\/index.php?rest_route=\/wp\/v2\/pages\/71\/revisions"}],"predecessor-version":[{"id":1350,"href":"https:\/\/d2consult.fr\/index.php?rest_route=\/wp\/v2\/pages\/71\/revisions\/1350"}],"up":[{"embeddable":true,"href":"https:\/\/d2consult.fr\/index.php?rest_route=\/wp\/v2\/pages\/66"}],"wp:attachment":[{"href":"https:\/\/d2consult.fr\/index.php?rest_route=%2Fwp%2Fv2%2Fmedia&parent=71"}],"curies":[{"name":"wp","href":"https:\/\/api.w.org\/{rel}","templated":true}]}}