{"id":70,"date":"2023-03-24T12:32:21","date_gmt":"2023-03-24T11:32:21","guid":{"rendered":"https:\/\/d2consult.fr\/?page_id=70"},"modified":"2023-10-11T13:01:22","modified_gmt":"2023-10-11T11:01:22","slug":"formation-efc","status":"publish","type":"page","link":"https:\/\/d2consult.fr\/?page_id=70","title":{"rendered":"Formation nouveaux mod\u00e8les \u00e9conomiques"},"content":{"rendered":"\n<p class=\"has-text-align-center has-large-font-size\"><strong><mark style=\"background-color:rgba(0, 0, 0, 0)\" class=\"has-inline-color has-marron-color\">NOUVEAUX MODELES ECONOMIQUE<\/mark><\/strong><br><strong><mark style=\"background-color:rgba(0, 0, 0, 0)\" class=\"has-inline-color has-marron-color\">ACCULTURATION &#8211; FORMATION<\/mark><\/strong><\/p>\n\n\n\n<div class=\"wp-block-columns is-layout-flex wp-container-core-columns-is-layout-9d6595d7 wp-block-columns-is-layout-flex\">\n<div class=\"wp-block-column is-layout-flow wp-block-column-is-layout-flow\" style=\"flex-basis:100%\">\n<p>Le d\u00e9r\u00e8glement climatique, l&rsquo;effondrement de la biodiversit\u00e9 et tous les enjeux du temps pr\u00e9sent invitent \u00e0 entreprendre autrement. Cela invite aussi \u00e0 ouvrir un large champ de possibilit\u00e9s pour innover, exp\u00e9rimenter, renouveler le syst\u00e8me de relation client, etc. En d\u2019autres termes : entreprendre autrement, produire autrement, et tenter r\u00e9ellement de prendre en charge les enjeux du d\u00e9veloppement durable, (\u00e9conomie viable, relations sociales \u00e9quitables, pr\u00e9servation de la plan\u00e8te, gouvernance partag\u00e9e).<\/p>\n\n\n\n<pre class=\"wp-block-preformatted has-bleu-clair-background-color has-background\">Les dispositifs d'acculturation - formation pr\u00e9sent\u00e9s ici ont pour objectifs de proposer \u00e0 des dirigeants en Normandie un parcours qui permette \u00e0 ceux qui le souhaitent de faire \u00e9voluer leur mod\u00e8le \u00e9conomique pour sortir des impasses dans lesquels ils se trouvent et d\u00e9velopper une nouvelle proposition de valeur, point d\u2019appui \u00e0 un d\u00e9veloppement responsable.<\/pre>\n<\/div>\n<\/div>\n\n\n\n<div class=\"wp-block-columns is-layout-flex wp-container-core-columns-is-layout-9d6595d7 wp-block-columns-is-layout-flex\">\n<div class=\"wp-block-column is-vertically-aligned-top is-layout-flow wp-block-column-is-layout-flow\" style=\"flex-basis:33.33%\">\n<div style=\"height:100px\" aria-hidden=\"true\" class=\"wp-block-spacer\"><\/div>\n\n\n\n<figure class=\"wp-block-image size-full\"><img loading=\"lazy\" decoding=\"async\" width=\"1024\" height=\"619\" src=\"https:\/\/d2consult.fr\/wp-content\/uploads\/2023\/05\/Conference-atelier-1.jpg\" alt=\"\" class=\"wp-image-964\" srcset=\"https:\/\/d2consult.fr\/wp-content\/uploads\/2023\/05\/Conference-atelier-1.jpg 1024w, https:\/\/d2consult.fr\/wp-content\/uploads\/2023\/05\/Conference-atelier-1-300x181.jpg 300w, https:\/\/d2consult.fr\/wp-content\/uploads\/2023\/05\/Conference-atelier-1-768x464.jpg 768w\" sizes=\"auto, (max-width: 1024px) 100vw, 1024px\" \/><\/figure>\n\n\n\n<div style=\"height:154px\" aria-hidden=\"true\" class=\"wp-block-spacer\"><\/div>\n\n\n\n<div class=\"wp-block-buttons is-content-justification-center is-layout-flex wp-container-core-buttons-is-layout-16018d1d wp-block-buttons-is-layout-flex\">\n<div class=\"wp-block-button has-custom-font-size has-medium-font-size\"><a class=\"wp-block-button__link has-accent-background-color has-background has-text-align-center wp-element-button\" href=\"https:\/\/d2consult.fr\/?page_id=17\">Me contacter<\/a><\/div>\n<\/div>\n<\/div>\n\n\n\n<div class=\"wp-block-column is-layout-flow wp-block-column-is-layout-flow\" style=\"flex-basis:66.66%\">\n<div class=\"wp-block-group is-vertical is-layout-flex wp-container-core-group-is-layout-8cf370e7 wp-block-group-is-layout-flex\">\n<p class=\"has-large-font-size\"><strong><mark style=\"background-color:rgba(0, 0, 0, 0)\" class=\"has-inline-color has-marron-color\">Conf\u00e9rences ateliers<\/mark><\/strong><\/p>\n\n\n\n<p>Les conf\u00e9rences ateliers sont une premi\u00e8re \u00e9tape qui a pour objectif de montrer qu\u2019il est possible de \u00ab&nbsp;faire autrement&nbsp;\u00bb et ce, pour toutes les entreprises, quel que soit leur domaine d\u2019activit\u00e9. <\/p>\n\n\n\n<p>Elles sont propos\u00e9es par le <a rel=\"noreferrer noopener\" href=\"https:\/\/www.club-inne.fr\/\" target=\"_blank\">Club INNE<\/a> (Initiative Normande pour de Nouveaux mod\u00e8les Economiques) dont je fais partie. Le club INNE est une association r\u00e9gionale soutenue par l\u2019ADEME, la R\u00e9gion Normandie. Il fait partie du <a href=\"https:\/\/neci.normandie.fr\/\">r\u00e9seau NECI<\/a>.<\/p>\n\n\n\n<hr class=\"wp-block-separator has-text-color has-base-3-color has-alpha-channel-opacity has-base-3-background-color has-background\"\/>\n<\/div>\n\n\n\n<p><strong><mark style=\"background-color:rgba(0, 0, 0, 0)\" class=\"has-inline-color has-accent-color\">Elles sont organis\u00e9es en deux temps&nbsp;sur une dur\u00e9e de 2h<\/mark><\/strong> <\/p>\n\n\n\n<ul class=\"wp-block-list\">\n<li>Un expos\u00e9 sur la question des nouveaux mod\u00e8les \u00e9conomiques avec une illustration d\u2019un cas r\u00e9el, abord\u00e9 via un t\u00e9moignage vid\u00e9o ou avec la pr\u00e9sence du dirigeant quand cela sera possible. Exemple&nbsp;: <a href=\"https:\/\/www.clubnoe.org\/dumont-energies-2\/\">Dumont Energies<\/a> dans les hauts de France.<\/li>\n\n\n\n<li>Un 2nd temps en petits groupes pour explorer le mod\u00e8le \u00e9conomique des participants, illustrer le d\u00e9calage entre la valeur r\u00e9elle produite par l\u2019entreprise et ce qui est vendu (ce qui permet le revenu) et poser la question de la valorisation de cette valeur r\u00e9elle comme point d\u2019appui \u00e0 un autre mod\u00e8le \u00e9conomique.<\/li>\n<\/ul>\n\n\n\n<p>Un temps convivial est propos\u00e9 en cl\u00f4ture pour permettre des \u00e9changes plus informels<\/p>\n\n\n\n<p><strong><mark style=\"background-color:rgba(0, 0, 0, 0)\" class=\"has-inline-color has-accent-color\">En participant \u00e0 une conf\u00e9rence atelier, les dirigeants d&rsquo;entreprises (le plus souvent de TPE, PME) sont amen\u00e9s \u00e0 :<\/mark><\/strong><\/p>\n\n\n\n<ul class=\"wp-block-list\">\n<li>D\u00e9couvrir une d\u00e9finition du <a href=\"https:\/\/d2consult.fr\/?page_id=68\/#modele-economique\">mod\u00e8le \u00e9conomique<\/a> qui ne se limite pas aux dimensions financi\u00e8res<\/li>\n\n\n\n<li>Comprendre comment la valeur r\u00e9elle produite peut servir d\u2019appui \u00e0 un autre mode de d\u00e9veloppement<\/li>\n\n\n\n<li>Entrevoir des trajectoires possibles pour eux-m\u00eames<\/li>\n<\/ul>\n<\/div>\n<\/div>\n\n\n\n<div class=\"wp-block-columns is-layout-flex wp-container-core-columns-is-layout-9d6595d7 wp-block-columns-is-layout-flex\">\n<div class=\"wp-block-column is-vertically-aligned-center is-layout-flow wp-block-column-is-layout-flow\" style=\"flex-basis:33.33%\">\n<div class=\"wp-block-buttons is-content-justification-center is-layout-flex wp-container-core-buttons-is-layout-16018d1d wp-block-buttons-is-layout-flex\">\n<div class=\"wp-block-button has-custom-font-size has-medium-font-size\"><a class=\"wp-block-button__link has-accent-background-color has-background has-text-align-center wp-element-button\" href=\"https:\/\/d2consult.fr\/?page_id=17\">Me contacter<\/a><\/div>\n<\/div>\n<\/div>\n\n\n\n<div class=\"wp-block-column is-layout-flow wp-block-column-is-layout-flow\" style=\"flex-basis:66.66%\">\n<div class=\"wp-block-group is-vertical is-layout-flex wp-container-core-group-is-layout-8cf370e7 wp-block-group-is-layout-flex\">\n<p class=\"has-large-font-size\"><mark style=\"background-color:rgba(0, 0, 0, 0)\" class=\"has-inline-color has-marron-color\"><strong>Formations \u00e0 l&rsquo;Economie de la Fonctionnalit\u00e9 et de la Coop\u00e9ration<\/strong><\/mark><\/p>\n\n\n\n<p>Des formations courtes sur une ou deux journ\u00e9es peuvent \u00eatre organis\u00e9es pour aller plus loin, \u00e9ventuellement dans le cadre du club INNE, voir ci-dessous, ou coconstruite en fonction de vos besoins. Elles sont propos\u00e9es au niveau d&rsquo;un territoire ou bassin de vie donn\u00e9. Selon le contexte, elles peuvent \u00eatre en partie financ\u00e9es dans le cadre des activit\u00e9s du club INNE. <\/p>\n\n\n\n<p>Leur objectif est de faire d\u00e9couvrir l\u2019Economie de la Fonctionnalit\u00e9 et de la Coop\u00e9ration comme ressource pour construire de nouvelles trajectoires plus durables et plus responsables dans les entreprises et les territoires. <\/p>\n\n\n\n<hr class=\"wp-block-separator has-text-color has-base-3-color has-alpha-channel-opacity has-base-3-background-color has-background\"\/>\n<\/div>\n\n\n\n<p><mark style=\"background-color:rgba(0, 0, 0, 0)\" class=\"has-inline-color has-accent-color\"><strong>\u00c0 l\u2019issue de la formation, les participants seront capables de :<\/strong><\/mark><\/p>\n\n\n\n<ul class=\"wp-block-list\">\n<li>Rep\u00e9rer la notion de mod\u00e8le \u00e9conomique et les principales limites du mod\u00e8le dominant<\/li>\n\n\n\n<li>Situer l\u2019originalit\u00e9 et le potentiel du r\u00e9f\u00e9rentiel de l\u2019\u00e9conomie de la fonctionnalit\u00e9 et de la coop\u00e9ration<\/li>\n\n\n\n<li>Identifier les points cl\u00e9s d\u2019une trajectoire d\u2019entreprise appliquant le r\u00e9f\u00e9rentiel de l\u2019\u00c9conomie de la Fonctionnalit\u00e9 et de la Coop\u00e9ration.<\/li>\n<\/ul>\n\n\n\n<p><strong><mark style=\"background-color:rgba(0, 0, 0, 0)\" class=\"has-inline-color has-accent-color\">Public concern\u00e9<\/mark><\/strong><\/p>\n\n\n\n<ul class=\"wp-block-list\">\n<li>Dirigeants et directeurs-cadres d\u2019entreprises ou d\u2019organisations publiques\/priv\u00e9es, agents de collectivit\u00e9s territoriales, salari\u00e9s d\u2019organismes d\u2019interm\u00e9diation.<\/li>\n<\/ul>\n\n\n\n<p><strong><mark style=\"background-color:rgba(0, 0, 0, 0)\" class=\"has-inline-color has-accent-color\">Modalit\u00e9s d\u2019animation<\/mark><\/strong><\/p>\n\n\n\n<ul class=\"wp-block-list\">\n<li>Apports conceptuels fond\u00e9s sur un socle pluridisciplinaire, illustration par de nombreux exemples d\u2019entreprises engag\u00e9es dans une trajectoire EFC <\/li>\n\n\n\n<li>Tout au long des deux jours, mise au travail des participants sur la fa\u00e7on dont ils peuvent articuler et mobiliser ces apports dans leur activit\u00e9 professionnelle.\n<ul class=\"wp-block-list\">\n<li>Analyses de cas, travaux de groupe et travaux collectifs<\/li>\n\n\n\n<li>Echanges, partages d\u2019exp\u00e9riences entre participant<\/li>\n<\/ul>\n<\/li>\n<\/ul>\n<\/div>\n<\/div>\n\n\n\n<div class=\"wp-block-columns is-layout-flex wp-container-core-columns-is-layout-9d6595d7 wp-block-columns-is-layout-flex\">\n<div class=\"wp-block-column is-layout-flow wp-block-column-is-layout-flow\" style=\"flex-basis:33.33%\">\n<div style=\"height:100px\" aria-hidden=\"true\" class=\"wp-block-spacer\"><\/div>\n\n\n\n<figure class=\"wp-block-image size-full\"><a href=\"https:\/\/d2consult.fr\/wp-content\/uploads\/2023\/05\/2023-COM-Parcours-daccompagnement-EFC.pdf\" target=\"_blank\" rel=\"noreferrer noopener\"><img loading=\"lazy\" decoding=\"async\" width=\"1024\" height=\"768\" src=\"https:\/\/d2consult.fr\/wp-content\/uploads\/2023\/05\/PArcours.jpg\" alt=\"\" class=\"wp-image-965\"\/><\/a><\/figure>\n\n\n\n<div style=\"height:162px\" aria-hidden=\"true\" class=\"wp-block-spacer\"><\/div>\n\n\n\n<div class=\"wp-block-buttons is-content-justification-center is-layout-flex wp-container-core-buttons-is-layout-16018d1d wp-block-buttons-is-layout-flex\">\n<div class=\"wp-block-button has-custom-font-size has-medium-font-size\"><a class=\"wp-block-button__link has-accent-background-color has-background has-text-align-center wp-element-button\" href=\"https:\/\/d2consult.fr\/?page_id=17\">Me contacter<\/a><\/div>\n<\/div>\n<\/div>\n\n\n\n<div class=\"wp-block-column is-layout-flow wp-block-column-is-layout-flow\" style=\"flex-basis:66.66%\">\n<div class=\"wp-block-group is-vertical is-layout-flex wp-container-core-group-is-layout-8cf370e7 wp-block-group-is-layout-flex\">\n<p class=\"has-large-font-size\"><strong><mark style=\"background-color:rgba(0, 0, 0, 0)\" class=\"has-inline-color has-marron-color\">Parcours d&rsquo;accompagnement collectif<\/mark><\/strong><\/p>\n\n\n\n<p>Les parcours d&rsquo;accompagnement collectif sont organis\u00e9s dans le cadre du club INNE. Ils s&rsquo;adressent \u00e0 des groupes de 10 \u00e0 12 entreprises qui peuvent \u00eatre de territoires et de profils diff\u00e9rents mais qui partagent l\u2019envie et l\u2019ambition de faire \u00e9voluer leur trajectoire de d\u00e9veloppement.<\/p>\n\n\n\n<hr class=\"wp-block-separator has-text-color has-base-3-color has-alpha-channel-opacity has-base-3-background-color has-background\"\/>\n<\/div>\n\n\n\n<p><strong><mark style=\"background-color:rgba(0, 0, 0, 0)\" class=\"has-inline-color has-accent-color\">Objectif : construire l&rsquo;avenir de son entreprise<\/mark><\/strong><\/p>\n\n\n\n<ul class=\"wp-block-list\">\n<li>Sortir des limites du mod\u00e8le actuel : march\u00e9s satur\u00e9s, marges r\u00e9duites, services non valoris\u00e9s, perte de sens au travail, externalit\u00e9s environnementales non ma\u00eetris\u00e9es<\/li>\n\n\n\n<li>Identifier de nouvelles offres, sources de d\u00e9veloppement<\/li>\n\n\n\n<li>P\u00e9renniser votre entreprise en relevant les d\u00e9fis sociaux, soci\u00e9taux et environnementaux.<\/li>\n<\/ul>\n\n\n\n<p><strong><mark style=\"background-color:rgba(0, 0, 0, 0)\" class=\"has-inline-color has-accent-color\">Un accompagnement en formation-action associant des temps collectifs et individuels sur 12 mois :<\/mark><\/strong><\/p>\n\n\n\n<ul class=\"wp-block-list\">\n<li>Des apports de contenu et de m\u00e9thodologie<\/li>\n\n\n\n<li>Une mise en application concr\u00e8te sur le cas de chaque entreprise<\/li>\n\n\n\n<li>Du partage d\u2019exp\u00e9riences et l\u2019apport ext\u00e9rieur d\u2019experts<\/li>\n\n\n\n<li>Des \u00e9changes entre dirigeants.<\/li>\n<\/ul>\n\n\n\n<div class=\"wp-block-columns is-layout-flex wp-container-core-columns-is-layout-9d6595d7 wp-block-columns-is-layout-flex\">\n<div class=\"wp-block-column is-layout-flow wp-block-column-is-layout-flow\">\n<p class=\"has-text-align-center\"><a href=\"https:\/\/d2consult.fr\/?cat=36\">Quelques interventions<\/a><\/p>\n<\/div>\n\n\n\n<div class=\"wp-block-column is-layout-flow wp-block-column-is-layout-flow\">\n<p>Vers <a href=\"https:\/\/d2consult.fr\/?page_id=66\">Mon offre<\/a><\/p>\n<\/div>\n<\/div>\n<\/div>\n<\/div>\n","protected":false},"excerpt":{"rendered":"<p>NOUVEAUX MODELES ECONOMIQUEACCULTURATION &#8211; FORMATION Le d\u00e9r\u00e8glement climatique, l&rsquo;effondrement de la biodiversit\u00e9 et tous les enjeux du temps pr\u00e9sent invitent \u00e0 entreprendre autrement. Cela invite aussi \u00e0 ouvrir un large champ de possibilit\u00e9s pour innover, exp\u00e9rimenter, renouveler le syst\u00e8me de relation client, etc. En d\u2019autres termes : entreprendre autrement, produire autrement, et tenter r\u00e9ellement de &#8230; <a title=\"Formation nouveaux mod\u00e8les \u00e9conomiques\" class=\"read-more\" href=\"https:\/\/d2consult.fr\/?page_id=70\" aria-label=\"En savoir plus sur Formation nouveaux mod\u00e8les \u00e9conomiques\">Lire la suite<\/a><\/p>\n","protected":false},"author":1,"featured_media":0,"parent":66,"menu_order":0,"comment_status":"closed","ping_status":"closed","template":"","meta":{"footnotes":""},"class_list":["post-70","page","type-page","status-publish"],"_links":{"self":[{"href":"https:\/\/d2consult.fr\/index.php?rest_route=\/wp\/v2\/pages\/70","targetHints":{"allow":["GET"]}}],"collection":[{"href":"https:\/\/d2consult.fr\/index.php?rest_route=\/wp\/v2\/pages"}],"about":[{"href":"https:\/\/d2consult.fr\/index.php?rest_route=\/wp\/v2\/types\/page"}],"author":[{"embeddable":true,"href":"https:\/\/d2consult.fr\/index.php?rest_route=\/wp\/v2\/users\/1"}],"replies":[{"embeddable":true,"href":"https:\/\/d2consult.fr\/index.php?rest_route=%2Fwp%2Fv2%2Fcomments&post=70"}],"version-history":[{"count":36,"href":"https:\/\/d2consult.fr\/index.php?rest_route=\/wp\/v2\/pages\/70\/revisions"}],"predecessor-version":[{"id":1277,"href":"https:\/\/d2consult.fr\/index.php?rest_route=\/wp\/v2\/pages\/70\/revisions\/1277"}],"up":[{"embeddable":true,"href":"https:\/\/d2consult.fr\/index.php?rest_route=\/wp\/v2\/pages\/66"}],"wp:attachment":[{"href":"https:\/\/d2consult.fr\/index.php?rest_route=%2Fwp%2Fv2%2Fmedia&parent=70"}],"curies":[{"name":"wp","href":"https:\/\/api.w.org\/{rel}","templated":true}]}}