{"id":69,"date":"2023-03-24T12:32:21","date_gmt":"2023-03-24T11:32:21","guid":{"rendered":"https:\/\/d2consult.fr\/?page_id=69"},"modified":"2025-04-01T10:18:58","modified_gmt":"2025-04-01T08:18:58","slug":"ateliers-fresques","status":"publish","type":"page","link":"https:\/\/d2consult.fr\/?page_id=69","title":{"rendered":"Ateliers fresques"},"content":{"rendered":"\n<p class=\"has-text-align-center has-large-font-size\"><strong><mark style=\"background-color:rgba(0, 0, 0, 0)\" class=\"has-inline-color has-marron-color\">ATELIERS FRESQUES<\/mark><\/strong><\/p>\n\n\n\n<p>Les fresques comme support d&rsquo;atelier se sont d\u00e9velopp\u00e9es ces derni\u00e8res ann\u00e9es. Elles permettent en effet d&rsquo;aborder des sujets souvent complexes dans un format accessible \u00e0 tous  y compris \u00e0 des enfants pour certaines. <\/p>\n\n\n\n<p>Les fresques th\u00e9matiques permettent de <strong><mark style=\"background-color:rgba(0, 0, 0, 0)\" class=\"has-inline-color has-marron-color\">sensibiliser \/ acculturer aux enjeux environnementaux et sociaux<\/mark><\/strong>. Il en existe sur de nombreux th\u00e8mes comme on le voit ci-dessous, r\u00e9pertori\u00e9es et positionn\u00e9es sur la <strong><mark style=\"background-color:rgba(0, 0, 0, 0)\" class=\"has-inline-color has-marron-color\">fresque de la renaissance \u00e9cologique<\/mark><\/strong>, \u00e9galement support tr\u00e8s int\u00e9ressant pour <strong><mark style=\"background-color:rgba(0, 0, 0, 0)\" class=\"has-inline-color has-marron-color\">animer des ateliers de travail<\/mark> <\/strong>de plusieurs types (voir ci-dessous).  <\/p>\n\n\n\n<div class=\"container-wrapper-genially\" style=\"position: relative; min-height: 400px; max-width: 100%;\"><video class=\"loader-genially\" autoplay=\"autoplay\" loop=\"loop\" playsinline=\"playsInline\" muted=\"muted\" style=\"position: absolute;top: 45%;left: 50%;transform: translate(-50%, -50%);width: 80px;height: 80px;margin-bottom: 10%\"><source src=\"https:\/\/static.genial.ly\/resources\/loader-default.mp4\" type=\"video\/mp4\" \/>Your browser does not support the video tag.<\/video><div id=\"607453414993a80dbd1a659b\" class=\"genially-embed\" style=\"margin: 0px auto; position: relative; height: auto; width: 100%;\"><\/div><\/div><script>(function (d) { var js, id = \"genially-embed-js\", ref = d.getElementsByTagName(\"script\")[0]; if (d.getElementById(id)) { return; } js = d.createElement(\"script\"); js.id = id; js.async = true; js.src = \"https:\/\/view.genial.ly\/static\/embed\/embed.js\"; ref.parentNode.insertBefore(js, ref); }(document));<\/script>\n\n\n\n<p>Les \u00ab\u00a0fresqueurs\u00a0\u00bb dont je fais partie sont organis\u00e9s au sein de plusieurs r\u00e9seaux. Je suis form\u00e9e aux fresques pr\u00e9sent\u00e9es ci-dessous et, selon les th\u00e9matiques souhait\u00e9es ou le nombre de participants, il est possible de faire appel \u00e0 d&rsquo;autres intervenants. <\/p>\n\n\n\n<div class=\"wp-block-columns is-layout-flex wp-container-core-columns-is-layout-9d6595d7 wp-block-columns-is-layout-flex\">\n<div class=\"wp-block-column is-layout-flow wp-block-column-is-layout-flow\" style=\"flex-basis:66.66%\">\n<div class=\"wp-block-group is-vertical is-layout-flex wp-container-core-group-is-layout-8cf370e7 wp-block-group-is-layout-flex\">\n<p class=\"has-base-3-color has-text-color\">d\u2019experts intergouvernemental sur l\u2019\u00e9volution du climat)&nbsp;dont les&nbsp;recommandations&nbsp;orientent les&nbsp;d\u00e9cisions politiques et \u00e9conomiques&nbsp;\u00e0 l\u2019\u00e9chelle mondiale. Elle permet de comprendre les <\/p>\n\n\n\n<p class=\"has-large-font-size\"><strong><mark style=\"background-color:rgba(0, 0, 0, 0)\" class=\"has-inline-color has-marron-color\">LA FRESQUE DU CLIMAT<\/mark><\/strong><\/p>\n\n\n\n<p>La <a rel=\"noreferrer noopener\" href=\"https:\/\/fresqueduclimat.org\/\" target=\"_blank\">Fresque du Climat<\/a> est en quelque sorte la m\u00e8re des nombreuses fresques qui on \u00e9t\u00e9 con\u00e7ues apr\u00e8s elle. Le 5 avril 2023, l&rsquo;association de la Fresque du climat a f\u00eat\u00e9 le million de participants ! <\/p>\n\n\n\n<p>La Fresque du Climat se fonde sur&nbsp;les&nbsp;donn\u00e9es&nbsp;issues des rapports scientifiques du&nbsp;<a href=\"https:\/\/www.ipcc.ch\/languages-2\/francais\/\" target=\"_blank\" rel=\"noreferrer noopener\">GIEC<\/a>&nbsp;(Groupe d\u2019experts intergouvernemental sur l\u2019\u00e9volution du climat)&nbsp;dont les&nbsp;recommandations&nbsp;orientent les&nbsp;d\u00e9cisions politiques et \u00e9conomiques&nbsp;\u00e0 l\u2019\u00e9chelle mondiale. Elle permet de comprendre les bases scientifiques du d\u00e9r\u00e8glement climatique. <\/p>\n\n\n\n<p>L\u2019atelier mobilise l\u2019intelligence collective pour sensibiliser les participants aux changements climatiques. Son approche ludique et p\u00e9dagogique permet \u00e0 tous les publics de s\u2019approprier le sujet. Durant l\u2019atelier, les participants&nbsp;relient les liens de cause \u00e0 effets et int\u00e8grent les enjeux climatiques dans leur globalit\u00e9.&nbsp;<\/p>\n\n\n\n<p>La fresque du climat a aujourd\u2019hui une grande notori\u00e9t\u00e9. Proposer un atelier avec cette fresque peut attirer des personnes curieuses de d\u00e9couvrir de quoi il s\u2019agit apr\u00e8s l&rsquo;avoir vu \u00e0 la t\u00e9l\u00e9vision ou en avoir entendu parler. <\/p>\n\n\n\n<p>Deux formats sont possibles :<\/p>\n\n\n\n<p>Un <strong><mark style=\"background-color:rgba(0, 0, 0, 0)\" class=\"has-inline-color has-marron-color\">atelier de 3 heures<\/mark><\/strong> avec un animateur pour 15 participants. Il permet des \u00e9changes entre participants, d\u2019aborder leurs questions, y compris lors d\u2019un debrief en fin d\u2019atelier pour faire le lien avec les actions que chacun peut mener pour r\u00e9pondre aux enjeux climatiques. Il est particuli\u00e8rement int\u00e9ressant pour des lyc\u00e9ens ou des \u00e9tudiants ou tout public qui souhaite approfondir la question du d\u00e9r\u00e8glement climatique et en comprendre les m\u00e9canismes. <\/p>\n\n\n\n<p>Il est \u00e9galement possible de la proposer dans un <strong><mark style=\"background-color:rgba(0, 0, 0, 0)\" class=\"has-inline-color has-marron-color\">format quizz <\/mark><\/strong>lors d&rsquo;un \u00e9v\u00e9nement grand public ou en introduction d&rsquo;un atelier de travail sur un autre sujet. Il permet de d\u00e9voiler ou de rappeler ce qu\u2019est le d\u00e9r\u00e8glement climatique avec toutefois un approfondissement moindre que l&rsquo;atelier de 3 heures. <\/p>\n\n\n\n<p> <\/p>\n<\/div>\n<\/div>\n\n\n\n<div class=\"wp-block-column is-layout-flow wp-block-column-is-layout-flow\" style=\"flex-basis:33.33%\">\n<p class=\"has-base-3-color has-text-color\"><\/p>\n\n\n\n<div style=\"height:100px\" aria-hidden=\"true\" class=\"wp-block-spacer\"><\/div>\n\n\n\n<figure class=\"wp-block-image size-full\"><img loading=\"lazy\" decoding=\"async\" width=\"632\" height=\"192\" src=\"https:\/\/d2consult.fr\/wp-content\/uploads\/2023\/04\/image-1.png\" alt=\"\" class=\"wp-image-575\" srcset=\"https:\/\/d2consult.fr\/wp-content\/uploads\/2023\/04\/image-1.png 632w, https:\/\/d2consult.fr\/wp-content\/uploads\/2023\/04\/image-1-300x91.png 300w\" sizes=\"auto, (max-width: 632px) 100vw, 632px\" \/><\/figure>\n\n\n\n<div style=\"height:46px\" aria-hidden=\"true\" class=\"wp-block-spacer\"><\/div>\n\n\n\n<figure class=\"wp-block-image size-full\"><img loading=\"lazy\" decoding=\"async\" width=\"480\" height=\"279\" src=\"https:\/\/d2consult.fr\/wp-content\/uploads\/2023\/04\/20200906_121321.jpg\" alt=\"\" class=\"wp-image-913\" srcset=\"https:\/\/d2consult.fr\/wp-content\/uploads\/2023\/04\/20200906_121321.jpg 480w, https:\/\/d2consult.fr\/wp-content\/uploads\/2023\/04\/20200906_121321-300x174.jpg 300w\" sizes=\"auto, (max-width: 480px) 100vw, 480px\" \/><\/figure>\n\n\n\n<div style=\"height:42px\" aria-hidden=\"true\" class=\"wp-block-spacer\"><\/div>\n\n\n<div class=\"wp-block-image\">\n<figure class=\"aligncenter size-full is-resized\"><a href=\"https:\/\/d2consult.fr\/?page_id=17\"><img loading=\"lazy\" decoding=\"async\" src=\"https:\/\/d2consult.fr\/wp-content\/uploads\/2023\/03\/image-8.png\" alt=\"\" class=\"wp-image-242\" style=\"width:265px;height:47px\" width=\"265\" height=\"47\" srcset=\"https:\/\/d2consult.fr\/wp-content\/uploads\/2023\/03\/image-8.png 441w, https:\/\/d2consult.fr\/wp-content\/uploads\/2023\/03\/image-8-300x54.png 300w\" sizes=\"auto, (max-width: 265px) 100vw, 265px\" \/><\/a><\/figure>\n<\/div>\n\n\n<p class=\"has-base-3-color has-text-color\"><\/p>\n\n\n\n<p class=\"has-base-3-color has-text-color\"><\/p>\n\n\n\n<p class=\"has-base-3-color has-text-color\"><\/p>\n\n\n\n<p class=\"has-base-3-color has-text-color\"><\/p>\n<\/div>\n<\/div>\n\n\n\n<div class=\"wp-block-columns is-layout-flex wp-container-core-columns-is-layout-9d6595d7 wp-block-columns-is-layout-flex\">\n<div class=\"wp-block-column is-layout-flow wp-block-column-is-layout-flow\" style=\"flex-basis:33.33%\">\n<p class=\"has-base-3-color has-text-color\"><\/p>\n\n\n\n<figure class=\"wp-block-image size-large\"><img loading=\"lazy\" decoding=\"async\" width=\"1024\" height=\"191\" src=\"https:\/\/d2consult.fr\/wp-content\/uploads\/2023\/04\/image-3-1024x191.png\" alt=\"\" class=\"wp-image-595\" srcset=\"https:\/\/d2consult.fr\/wp-content\/uploads\/2023\/04\/image-3-1024x191.png 1024w, https:\/\/d2consult.fr\/wp-content\/uploads\/2023\/04\/image-3-300x56.png 300w, https:\/\/d2consult.fr\/wp-content\/uploads\/2023\/04\/image-3-768x144.png 768w, https:\/\/d2consult.fr\/wp-content\/uploads\/2023\/04\/image-3.png 1070w\" sizes=\"auto, (max-width: 1024px) 100vw, 1024px\" \/><\/figure>\n<\/div>\n\n\n\n<div class=\"wp-block-column is-layout-flow wp-block-column-is-layout-flow\" style=\"flex-basis:66.66%\">\n<p class=\"has-large-font-size\"><strong><mark style=\"background-color:rgba(0, 0, 0, 0)\" class=\"has-inline-color has-marron-color\">LA FRESQUE DE L&rsquo;ECONOMIE<\/mark><\/strong><\/p>\n\n\n\n<p>Inspir\u00e9e de la Fresque du Climat, la Fresque de l&rsquo;\u00e9conomie a \u00e9t\u00e9 con\u00e7ue par des membres de la communaut\u00e9 qui travaille sur l&rsquo;Economie de la Fonctionnalit\u00e9 et de la Coop\u00e9ration. <\/p>\n\n\n\n<p>Elle permet notamment d&rsquo;aborder les questions de liens entre valeur, \u00e9conomie, histoire, march\u00e9, impact, d\u00e9fis sociaux et transition&nbsp;\u00e9conomique.<\/p>\n\n\n\n<p class=\"has-small-font-size\"><em>Bient\u00f4t disponible<\/em><\/p>\n<\/div>\n<\/div>\n\n\n\n<p class=\"has-large-font-size\"><mark style=\"background-color:rgba(0, 0, 0, 0)\" class=\"has-inline-color has-marron-color\"><strong>LA FRESQUE DE LA RENAISSANCE ECOLOGIQUE<\/strong><\/mark><\/p>\n\n\n\n<div class=\"wp-block-columns is-layout-flex wp-container-core-columns-is-layout-9d6595d7 wp-block-columns-is-layout-flex\">\n<div class=\"wp-block-column is-layout-flow wp-block-column-is-layout-flow\" style=\"flex-basis:50%\">\n<p>Cette fresque est port\u00e9e par <a rel=\"noreferrer noopener\" href=\"https:\/\/renaissanceecologique.org\/\" target=\"_blank\">l&rsquo;association renaissance \u00e9cologique<\/a>. Elle a \u00e9t\u00e9 con\u00e7ue par <a rel=\"noreferrer noopener\" href=\"https:\/\/www.linkedin.com\/in\/juliendossier\/\" target=\"_blank\">Julien Dossier<\/a> en 2014, version contemporaine d&rsquo;un monde \u00ab\u00a0post carbone\u00a0\u00bb de l&rsquo;All\u00e9gorie des effets du Bon Gouvernement peinte en 1338 \u00e0 Sienne par Ambrogio Lorenzetti. Son dessin a \u00e9t\u00e9 r\u00e9alis\u00e9 par par <a rel=\"noreferrer noopener\" href=\"https:\/\/johannbertranddhy.com\/gallery\/la-fresque-a-colorier\/\" target=\"_blank\">Johann Bertrand d\u2019Hy<\/a>,<\/p>\n\n\n\n<p>La fresque de la renaissance \u00e9cologique permet de penser de fa\u00e7on globale, les diff\u00e9rents aspects de l\u2019existence, qui doivent \u00eatre pris en compte de concert, pour mettre en place une transition qui tiennent compte des enjeux sociaux et environnementaux. <\/p>\n\n\n\n<p>Ce dessin au trait fait appel au <strong><mark style=\"background-color:rgba(0, 0, 0, 0)\" class=\"has-inline-color has-marron-color\">langage par l&rsquo;image<\/mark><\/strong> qui peut \u00eatre utilis\u00e9 dans des ateliers pour toutes les g\u00e9n\u00e9rations. <\/p>\n\n\n\n<p>Ainsi, la fresque de la renaissance \u00e9cologique peut \u00eatre utilis\u00e9e dans un <strong><mark style=\"background-color:rgba(0, 0, 0, 0)\" class=\"has-inline-color has-marron-color\">format grand public<\/mark><\/strong>, invitant les personnes \u00e0 la colorier et \u00e0 \u00e9changer autour de son dessin. <\/p>\n\n\n\n<p>Elle peut aussi servir de support pour organiser un travail de <strong><mark style=\"background-color:rgba(0, 0, 0, 0)\" class=\"has-inline-color has-marron-color\">recensement des ressources du territoire<\/mark><\/strong>, la <strong><mark style=\"background-color:rgba(0, 0, 0, 0)\" class=\"has-inline-color has-marron-color\">construction d\u2019une feuille de route<\/mark><\/strong>, la <strong><mark style=\"background-color:rgba(0, 0, 0, 0)\" class=\"has-inline-color has-marron-color\">construction de projets coop\u00e9ratifs<\/mark><\/strong>, et bien d\u2019autres travaux que la fresque aidera \u00e0 mener et pr\u00e9senter.<\/p>\n<\/div>\n\n\n\n<div class=\"wp-block-column is-layout-flow wp-block-column-is-layout-flow\" style=\"flex-basis:50%\">\n<figure class=\"wp-block-image size-large\"><img loading=\"lazy\" decoding=\"async\" width=\"1024\" height=\"228\" src=\"https:\/\/d2consult.fr\/wp-content\/uploads\/2023\/04\/Fressque-renaissance-ecologique-1024x228.png\" alt=\"\" class=\"wp-image-608\" srcset=\"https:\/\/d2consult.fr\/wp-content\/uploads\/2023\/04\/Fressque-renaissance-ecologique-1024x228.png 1024w, https:\/\/d2consult.fr\/wp-content\/uploads\/2023\/04\/Fressque-renaissance-ecologique-300x67.png 300w, https:\/\/d2consult.fr\/wp-content\/uploads\/2023\/04\/Fressque-renaissance-ecologique-768x171.png 768w, https:\/\/d2consult.fr\/wp-content\/uploads\/2023\/04\/Fressque-renaissance-ecologique-1536x341.png 1536w, https:\/\/d2consult.fr\/wp-content\/uploads\/2023\/04\/Fressque-renaissance-ecologique-2048x455.png 2048w\" sizes=\"auto, (max-width: 1024px) 100vw, 1024px\" \/><\/figure>\n\n\n\n<figure class=\"wp-block-image size-large\"><img loading=\"lazy\" decoding=\"async\" width=\"1024\" height=\"235\" src=\"https:\/\/d2consult.fr\/wp-content\/uploads\/2023\/04\/Fresque-Lorenzetti-1024x235.jpg\" alt=\"\" class=\"wp-image-607\" srcset=\"https:\/\/d2consult.fr\/wp-content\/uploads\/2023\/04\/Fresque-Lorenzetti-1024x235.jpg 1024w, https:\/\/d2consult.fr\/wp-content\/uploads\/2023\/04\/Fresque-Lorenzetti-300x69.jpg 300w, https:\/\/d2consult.fr\/wp-content\/uploads\/2023\/04\/Fresque-Lorenzetti-768x176.jpg 768w, https:\/\/d2consult.fr\/wp-content\/uploads\/2023\/04\/Fresque-Lorenzetti.jpg 1483w\" sizes=\"auto, (max-width: 1024px) 100vw, 1024px\" \/><\/figure>\n\n\n\n<div style=\"height:156px\" aria-hidden=\"true\" class=\"wp-block-spacer\"><\/div>\n\n\n<div class=\"wp-block-image\">\n<figure class=\"aligncenter size-full is-resized\"><a href=\"https:\/\/d2consult.fr\/?page_id=17\"><img loading=\"lazy\" decoding=\"async\" src=\"https:\/\/d2consult.fr\/wp-content\/uploads\/2023\/03\/image-8.png\" alt=\"\" class=\"wp-image-242\" style=\"width:255px;height:46px\" width=\"255\" height=\"46\" srcset=\"https:\/\/d2consult.fr\/wp-content\/uploads\/2023\/03\/image-8.png 441w, https:\/\/d2consult.fr\/wp-content\/uploads\/2023\/03\/image-8-300x54.png 300w\" sizes=\"auto, (max-width: 255px) 100vw, 255px\" \/><\/a><\/figure>\n<\/div><\/div>\n<\/div>\n\n\n\n<div class=\"wp-block-columns is-layout-flex wp-container-core-columns-is-layout-9d6595d7 wp-block-columns-is-layout-flex\">\n<div class=\"wp-block-column is-layout-flow wp-block-column-is-layout-flow\"><\/div>\n\n\n\n<div class=\"wp-block-column is-layout-flow wp-block-column-is-layout-flow\">\n<p class=\"has-text-align-center\"><a href=\"https:\/\/d2consult.fr\/?cat=38\">Quelques r\u00e9alisations<\/a><\/p>\n<\/div>\n\n\n\n<div class=\"wp-block-column is-layout-flow wp-block-column-is-layout-flow\">\n<p>Vers\u00a0<a href=\"https:\/\/d2consult.fr\/?page_id=66\">Mon offre<\/a><\/p>\n<\/div>\n<\/div>\n","protected":false},"excerpt":{"rendered":"<p>ATELIERS FRESQUES Les fresques comme support d&rsquo;atelier se sont d\u00e9velopp\u00e9es ces derni\u00e8res ann\u00e9es. Elles permettent en effet d&rsquo;aborder des sujets souvent complexes dans un format accessible \u00e0 tous y compris \u00e0 des enfants pour certaines. Les fresques th\u00e9matiques permettent de sensibiliser \/ acculturer aux enjeux environnementaux et sociaux. Il en existe sur de nombreux th\u00e8mes &#8230; <a title=\"Ateliers fresques\" class=\"read-more\" href=\"https:\/\/d2consult.fr\/?page_id=69\" aria-label=\"En savoir plus sur Ateliers fresques\">Lire la suite<\/a><\/p>\n","protected":false},"author":1,"featured_media":0,"parent":66,"menu_order":0,"comment_status":"closed","ping_status":"closed","template":"","meta":{"footnotes":""},"class_list":["post-69","page","type-page","status-publish"],"_links":{"self":[{"href":"https:\/\/d2consult.fr\/index.php?rest_route=\/wp\/v2\/pages\/69","targetHints":{"allow":["GET"]}}],"collection":[{"href":"https:\/\/d2consult.fr\/index.php?rest_route=\/wp\/v2\/pages"}],"about":[{"href":"https:\/\/d2consult.fr\/index.php?rest_route=\/wp\/v2\/types\/page"}],"author":[{"embeddable":true,"href":"https:\/\/d2consult.fr\/index.php?rest_route=\/wp\/v2\/users\/1"}],"replies":[{"embeddable":true,"href":"https:\/\/d2consult.fr\/index.php?rest_route=%2Fwp%2Fv2%2Fcomments&post=69"}],"version-history":[{"count":43,"href":"https:\/\/d2consult.fr\/index.php?rest_route=\/wp\/v2\/pages\/69\/revisions"}],"predecessor-version":[{"id":1408,"href":"https:\/\/d2consult.fr\/index.php?rest_route=\/wp\/v2\/pages\/69\/revisions\/1408"}],"up":[{"embeddable":true,"href":"https:\/\/d2consult.fr\/index.php?rest_route=\/wp\/v2\/pages\/66"}],"wp:attachment":[{"href":"https:\/\/d2consult.fr\/index.php?rest_route=%2Fwp%2Fv2%2Fmedia&parent=69"}],"curies":[{"name":"wp","href":"https:\/\/api.w.org\/{rel}","templated":true}]}}