{"id":68,"date":"2023-03-24T12:32:21","date_gmt":"2023-03-24T11:32:21","guid":{"rendered":"https:\/\/d2consult.fr\/?page_id=68"},"modified":"2024-06-18T19:55:34","modified_gmt":"2024-06-18T17:55:34","slug":"lefc","status":"publish","type":"page","link":"https:\/\/d2consult.fr\/?page_id=68","title":{"rendered":"L&rsquo;EFC"},"content":{"rendered":"\n<div class=\"wp-block-columns is-layout-flex wp-container-core-columns-is-layout-9d6595d7 wp-block-columns-is-layout-flex\">\n<div class=\"wp-block-column is-layout-flow wp-block-column-is-layout-flow\">\n<p class=\"has-text-align-center has-large-font-size\"><strong><mark style=\"background-color:rgba(0, 0, 0, 0)\" class=\"has-inline-color has-marron-color\">L\u2019ECONOMIE DE LA FONCTIONNALITE ET DE LA COOPERATION<\/mark><\/strong><\/p>\n\n\n\n<div class=\"wp-block-columns is-layout-flex wp-container-core-columns-is-layout-9d6595d7 wp-block-columns-is-layout-flex\">\n<div class=\"wp-block-column is-vertically-aligned-center is-layout-flow wp-block-column-is-layout-flow\" style=\"flex-basis:22%\">\n<figure class=\"wp-block-image size-large\"><img loading=\"lazy\" decoding=\"async\" width=\"1024\" height=\"744\" src=\"https:\/\/d2consult.fr\/wp-content\/uploads\/2023\/05\/9814-1024x744.jpg\" alt=\"\" class=\"wp-image-980\" srcset=\"https:\/\/d2consult.fr\/wp-content\/uploads\/2023\/05\/9814-1024x744.jpg 1024w, https:\/\/d2consult.fr\/wp-content\/uploads\/2023\/05\/9814-300x218.jpg 300w, https:\/\/d2consult.fr\/wp-content\/uploads\/2023\/05\/9814-768x558.jpg 768w, https:\/\/d2consult.fr\/wp-content\/uploads\/2023\/05\/9814-1536x1116.jpg 1536w\" sizes=\"auto, (max-width: 1024px) 100vw, 1024px\" \/><\/figure>\n<\/div>\n\n\n\n<div class=\"wp-block-column is-vertically-aligned-top is-layout-flow wp-block-column-is-layout-flow\" style=\"flex-basis:68%\">\n<p>L\u2019EFC s\u2019est d\u00e9velopp\u00e9e depuis le d\u00e9but des ann\u00e9es 2000 avec l\u2019ambition d&rsquo;exp\u00e9rimenter de nouveaux mod\u00e8les \u00e9conomiques qui permettent de prendre en charge les enjeux environnementaux et sociaux. <\/p>\n\n\n\n<p>Ces exp\u00e9rimentations ont \u00e9t\u00e9 men\u00e9es par le laboratoire d&rsquo;intervention-recherche <a href=\"https:\/\/www.atemis-lir.fr\/\" target=\"_blank\" rel=\"noreferrer noopener\">ATEMIS<\/a> qui a \u00e9galement travaill\u00e9, avec <a href=\"https:\/\/www.ieefc.eu\/\" target=\"_blank\" rel=\"noreferrer noopener\">l&rsquo;Institut Europ\u00e9en de l&rsquo;EFC<\/a>, \u00e0 la construction des concepts op\u00e9rationnels qui forme le r\u00e9f\u00e9rentiel de l&rsquo;EFC. Ce dernier fait l&rsquo;objet de d&rsquo;un foisonnement de publications et de retours d&rsquo;exp\u00e9rience. Les exp\u00e9rimentations men\u00e9es aujourd&rsquo;hui, et notamment le <a href=\"https:\/\/librairie.ademe.fr\/7086-carnet-des-projets-2024-programme-coop-ter.html\" target=\"_blank\" rel=\"noreferrer noopener\">programme COOP\u2019TER<\/a>, les ateliers conduits sur des th\u00e9matiques comme la transition \u00e9nerg\u00e9tique ou le bien-vivre alimentaire, contribuent \u00e0 l&rsquo;enrichir encore. Outre les sites d&rsquo;ATEMIS et de l&rsquo;IE-EFC, certaines de ces publications sont aussi disponibles sur <a href=\"https:\/\/expertises.ademe.fr\/economie-circulaire\/economie-fonctionnalite\" target=\"_blank\" rel=\"noreferrer noopener\">le site de l&rsquo;ADEME<\/a>.<\/p>\n\n\n\n<p>Les \u00e9l\u00e9ments ici sont issus de ces travaux. <\/p>\n\n\n\n<p>L&rsquo;EFC est d\u00e9ploy\u00e9 en France dans de <a rel=\"noreferrer noopener\" href=\"https:\/\/economieentransition.gogocarto.fr\/map#\/carte\/@48.46,2.63,7z?cat=all\" target=\"_blank\">nombreuses entreprises<\/a> mais aussi dans d&rsquo;autres pays et notamment au <a rel=\"noreferrer noopener\" href=\"https:\/\/www.clubeefcrio.com\/\" target=\"_blank\">Br\u00e9sil <\/a>et au <a rel=\"noreferrer noopener\" href=\"https:\/\/www.efcquebec.com\/\" target=\"_blank\">Qu\u00e9bec<\/a>. <\/p>\n<\/div>\n\n\n\n<div class=\"wp-block-column is-layout-flow wp-block-column-is-layout-flow\" style=\"flex-basis:10%\"><\/div>\n<\/div>\n\n\n\n<div class=\"wp-block-columns is-layout-flex wp-container-core-columns-is-layout-9d6595d7 wp-block-columns-is-layout-flex\">\n<div class=\"wp-block-column is-layout-flow wp-block-column-is-layout-flow\" style=\"flex-basis:22%\">\n<div style=\"height:100px\" aria-hidden=\"true\" class=\"wp-block-spacer\"><\/div>\n\n\n<div class=\"wp-block-image\">\n<figure class=\"aligncenter size-full is-resized\"><img loading=\"lazy\" decoding=\"async\" width=\"441\" height=\"285\" src=\"https:\/\/d2consult.fr\/wp-content\/uploads\/2023\/03\/image-6.png\" alt=\"\" class=\"wp-image-195\" style=\"width:189px;height:121px\" srcset=\"https:\/\/d2consult.fr\/wp-content\/uploads\/2023\/03\/image-6.png 441w, https:\/\/d2consult.fr\/wp-content\/uploads\/2023\/03\/image-6-300x194.png 300w\" sizes=\"auto, (max-width: 441px) 100vw, 441px\" \/><\/figure>\n<\/div><\/div>\n\n\n\n<div class=\"wp-block-column is-layout-flow wp-block-column-is-layout-flow\" style=\"flex-basis:68%\">\n<p class=\"has-text-align-center has-large-font-size\" id=\"modele-economique\"><strong><mark style=\"background-color:rgba(0, 0, 0, 0)\" class=\"has-inline-color has-marron-color\">MODELE ECONOMIQUE<\/mark><\/strong><\/p>\n\n\n\n<p>Le mod\u00e8le \u00e9conomique d&rsquo;une entreprise est souvent r\u00e9duit aux questions financi\u00e8res qui composent le mod\u00e8le d&rsquo;affaires. Pour lui redonner toute sa place, nous posons le mod\u00e8le \u00e9conomique avec <strong><mark style=\"background-color:rgba(0, 0, 0, 0)\" class=\"has-inline-color has-marron-color\">six registres articul\u00e9s qui fondent la singularit\u00e9 d\u2019une entreprise<\/mark><\/strong> et sa dynamique de d\u00e9veloppement : <\/p>\n\n\n<div class=\"wp-block-image\">\n<figure class=\"aligncenter size-full is-resized\"><img loading=\"lazy\" decoding=\"async\" width=\"802\" height=\"672\" src=\"https:\/\/d2consult.fr\/wp-content\/uploads\/2023\/03\/image.png\" alt=\"\" class=\"wp-image-64\" style=\"width:479px;height:402px\" srcset=\"https:\/\/d2consult.fr\/wp-content\/uploads\/2023\/03\/image.png 802w, https:\/\/d2consult.fr\/wp-content\/uploads\/2023\/03\/image-300x251.png 300w, https:\/\/d2consult.fr\/wp-content\/uploads\/2023\/03\/image-768x644.png 768w\" sizes=\"auto, (max-width: 802px) 100vw, 802px\" \/><\/figure>\n<\/div><\/div>\n\n\n\n<div class=\"wp-block-column is-layout-flow wp-block-column-is-layout-flow\" style=\"flex-basis:10%\"><\/div>\n<\/div>\n<\/div>\n<\/div>\n\n\n\n<div class=\"wp-block-columns is-layout-flex wp-container-core-columns-is-layout-9d6595d7 wp-block-columns-is-layout-flex\">\n<div class=\"wp-block-column is-layout-flow wp-block-column-is-layout-flow\">\n<figure class=\"wp-block-table is-style-stripes\" style=\"font-size:15px\"><table class=\"has-base-3-background-color has-background\"><thead><tr><th>Registres du mod\u00e8le \u00e9conomique <\/th><th>Mod\u00e8le \u00e9conomique classique<\/th><th>Economie de la fonctionnalit\u00e9 et de la coop\u00e9ration<\/th><\/tr><\/thead><tbody><tr><td><strong>Offre et proposition de valeur <\/strong><br>La proposition de valeur exprime ce qui fait valeur pour le client et pour les autres b\u00e9n\u00e9ficiaires (les effets utiles)<strong> <\/strong>tandis que l\u2019offre fait r\u00e9f\u00e9rence aux composantes du service ou du produit propos\u00e9<\/td><td>Des biens ou des services standardis\u00e9s :<br>\u2022 Qualit\u00e9 fond\u00e9e sur des normes<br>\u2022 Logique de volume<br>\u2022 Consommation de masse<br>\u2022 Possession du bien<\/td><td>Des biens et services int\u00e9gr\u00e9s pour r\u00e9pondre \u00e0 un usage :<br>\u2022 Qualit\u00e9 \u00e9valu\u00e9e en fonction du service rendu aux b\u00e9n\u00e9ficiaires<br>\u2022 La solution propos\u00e9e prend en charge des externalit\u00e9s sociales ou environnementales (besoins du territoire)<\/td><\/tr><tr><td><strong>Mobilisation et d\u00e9veloppement des ressources <\/strong>utiles ou strat\u00e9giques pour l\u2019activit\u00e9<\/td><td>Les ressources sont des co\u00fbts \u00e0 r\u00e9duire,<br>y compris les ressources humaines <\/td><td>Recherche de mutualisation et recyclage des ressources mat\u00e9rielles qu\u2019il faut pr\u00e9server<sup>1<\/sup>.<br>Revitalisation et d\u00e9veloppement des ressources immat\u00e9rielles (comp\u00e9tences, confiance, pertinence de l&rsquo;offre et de l&rsquo;organisation, sant\u00e9) pour progresser et innover.<\/td><\/tr><tr><td><strong>Organisation du travail<\/strong>, interne \u00e0 l&rsquo;entreprise<br>et inter-entreprise<\/td><td>Repose sur le principe de la division du travail, de la sp\u00e9cialisation, en interne comme en externe (chaine de valeur). <br>Le territoire est le r\u00e9ceptacle des activit\u00e9s.<\/td><td>D\u00e9veloppement d&rsquo;une organisation r\u00e9flexive en interne comme en externe (qui apprend par l&rsquo;exp\u00e9rience). <br>Organisation inter-entreprise bas\u00e9e sur des coop\u00e9rations pour prendre en charge des sph\u00e8res d&rsquo;enjeux (notamment autour des fonctions de vie : se nourrir, se loger, se divertir, etc.). <\/td><\/tr><tr><td><strong>Contractualisation<\/strong>.<br>Modalit\u00e9s de construction du revenu de l\u2019entreprise<\/td><td>&nbsp;Revenu issu des \u00e9changes marchands et dans une logique de volume, sans prise en compte des d\u00e9gradations environnementales et sociales.<\/td><td>Construire un mod\u00e8le de revenu qui s&rsquo;appuie sur la valeur cr\u00e9\u00e9e, les effets utiles obtenus pour les b\u00e9n\u00e9ficiaires directs et indirects, incluant, le cas \u00e9ch\u00e9ant, la r\u00e9duction d&rsquo;externalit\u00e9s n\u00e9gatives.<\/td><\/tr><tr><td><strong>Financement<\/strong><br>Renvoie au financement des investissements et au processus de r\u00e9partition de la valeur mon\u00e9taire (r\u00e9mun\u00e9ration des parties prenantes) <\/td><td>S&rsquo;appuie sur la \u00ab&nbsp;vente \u00bb d&rsquo;une rentabilit\u00e9 mon\u00e9taire, elle-m\u00eame bas\u00e9e sur la comp\u00e9titivit\u00e9 des co\u00fbts et les parts de march\u00e9 (logique de volume), au b\u00e9n\u00e9fice principalement des actionnaires.<\/td><td>S&rsquo;appuie sur la \u00ab&nbsp;vente \u00bb d&rsquo;un&nbsp; projet de cr\u00e9ation de valeur non mon\u00e9taire , r\u00e9pondant aux&nbsp;besoins du territoire, au b\u00e9n\u00e9fice de l&rsquo;ensemble des partenaires de l\u2019\u00e9cosyst\u00e8me coop\u00e9ratif et des salari\u00e9s.<\/td><\/tr><tr><td><strong>Gouvernance<\/strong>.<br>Syst\u00e8me de direction et contr\u00f4le <\/td><td>Gouvernance \u00ab\u00a0financi\u00e8re&nbsp;\u00bb avec obligation de rentabilit\u00e9 \u00e0 court terme.<\/td><td>Gouvernance d\u00e9mocratique et participative<sup>2<\/sup> fond\u00e9e sur une d\u00e9marche r\u00e9flexive et des dispositifs d\u2019\u00e9valuation.<\/td><\/tr><\/tbody><\/table><\/figure>\n\n\n\n<p class=\"has-small-font-size\"><sup>1<\/sup>Un principe que l&rsquo;on trouve aussi dans l&rsquo;\u00e9conomie circulaire <br><sup>2 <\/sup>Un principe que l&rsquo;on trouve aussi dans l&rsquo;ESS<\/p>\n\n\n\n<div class=\"wp-block-columns is-layout-flex wp-container-core-columns-is-layout-9d6595d7 wp-block-columns-is-layout-flex\">\n<div class=\"wp-block-column is-layout-flow wp-block-column-is-layout-flow\" style=\"flex-basis:40%\">\n<div style=\"height:27px\" aria-hidden=\"true\" class=\"wp-block-spacer\"><\/div>\n\n\n\n<div class=\"wp-block-group has-vert-claire-background-color has-background\"><div class=\"wp-block-group__inner-container is-layout-constrained wp-block-group-is-layout-constrained\">\n<p class=\"has-text-align-center\"><strong><mark style=\"background-color:rgba(0, 0, 0, 0)\" class=\"has-inline-color has-accent-color\">D\u00e9finition d\u2019un \u00e9cosyst\u00e8me coop\u00e9ratif territorialis\u00e9 (ECT)<\/mark><\/strong><\/p>\n\n\n\n<div class=\"wp-block-group is-vertical is-layout-flex wp-container-core-group-is-layout-8cf370e7 wp-block-group-is-layout-flex\">\n<p>Un ECT est un ensemble d&rsquo;acteurs (entreprises, associations de citoyens, collectivit\u00e9s &#8230;) qui construit une dynamique \u00e9conomique en coop\u00e9ration pour prendre en charge un ou plusieurs enjeux du territoire. <\/p>\n\n\n\n<p>Ces enjeux rel\u00e8vent des grandes fonctions de la vie (s\u2019alimenter, se soigner, se loger, se d\u00e9placer, se divertir&#8230;) prises en charge dans une perspective \u00e9cologique et de bien-\u00eatre social.<\/p>\n\n\n\n<p>L\u2019\u00e9cosyst\u00e8me coop\u00e9ratif formalise puis porte une \u00ab&nbsp;solution int\u00e9gr\u00e9e de biens et de services&nbsp;\u00bb qui permet de prendre en charge progressivement (par sauts syst\u00e9miques successifs) ces enjeux et de cr\u00e9er de la valeur territoriale. <\/p>\n\n\n\n<p>Dans ce cadre, les interactions entre les acteurs reposent sur une logique de coproduction-coop\u00e9ration, sur des engagements r\u00e9ciproques, des \u00e9changes d&rsquo;informations et de connaissances, la mutualisation de moyens ainsi que d\u2019investissements immat\u00e9riels permettant de d\u00e9velopper et p\u00e9renniser la dynamique territoriale.<\/p>\n\n\n\n<p>En contrepartie de la valeur cr\u00e9\u00e9e, il est recherch\u00e9 aupr\u00e8s des diff\u00e9rents acteurs b\u00e9n\u00e9ficiaires \u00ab&nbsp;d\u2019effets utiles&nbsp;\u00bb, une contribution (d\u00e9pense et\/ou apports en nature) acceptable. L\u2019\u00e9cosyst\u00e8me cr\u00e9e ainsi une valeur territoriale qui s\u2019incarne dans le d\u00e9veloppement d\u2019un patrimoine immat\u00e9riel collectif.<\/p>\n\n\n\n<p>La gouvernance de l\u2019\u00e9cosyst\u00e8me et le d\u00e9veloppement des activit\u00e9s reposent prioritairement sur la mise en \u0153uvre d\u2019une organisation r\u00e9flexive qui permet d\u2019apprendre par l\u2019exp\u00e9rience et transforme le management de fa\u00e7on \u00e0 soutenir la coop\u00e9ration entre les acteurs. <\/p>\n\n\n\n<p>La gouvernance peut aussi \u00eatre formalis\u00e9e par la cr\u00e9ation d&rsquo;une structure juridique (SCIC, GIE, ou autre) associant acteurs publics, op\u00e9rateurs et citoyens\u2026<\/p>\n<\/div>\n<\/div><\/div>\n<\/div>\n\n\n\n<div class=\"wp-block-column is-layout-flow wp-block-column-is-layout-flow\" style=\"flex-basis:60%\">\n<p class=\"has-text-align-center has-large-font-size\"><strong><mark style=\"background-color:rgba(0, 0, 0, 0)\" class=\"has-inline-color has-marron-color\">FONCTIONNALITE<\/mark><\/strong><\/p>\n\n\n\n<p>L&rsquo;\u00e9conomie de la fonctionnalit\u00e9 se d\u00e9veloppe avec l&rsquo;id\u00e9e de vendre l&rsquo;usage d&rsquo;un bien plut\u00f4t que de vendre le bien lui-m\u00eame. L&rsquo;EFC invite \u00e0 faire un pas de c\u00f4t\u00e9 pour approfondir cette question d&rsquo;usage. <\/p>\n\n\n<div class=\"wp-block-image\">\n<figure class=\"aligncenter size-full is-resized\"><img loading=\"lazy\" decoding=\"async\" width=\"890\" height=\"782\" src=\"https:\/\/d2consult.fr\/wp-content\/uploads\/2023\/03\/image-4.png\" alt=\"\" class=\"wp-image-394\" style=\"width:368px;height:323px\" srcset=\"https:\/\/d2consult.fr\/wp-content\/uploads\/2023\/03\/image-4.png 890w, https:\/\/d2consult.fr\/wp-content\/uploads\/2023\/03\/image-4-300x264.png 300w, https:\/\/d2consult.fr\/wp-content\/uploads\/2023\/03\/image-4-768x675.png 768w\" sizes=\"auto, (max-width: 890px) 100vw, 890px\" \/><\/figure>\n<\/div>\n\n\n<div class=\"wp-block-columns is-layout-flex wp-container-core-columns-is-layout-9d6595d7 wp-block-columns-is-layout-flex\">\n<div class=\"wp-block-column is-layout-flow wp-block-column-is-layout-flow\">\n<div style=\"height:32px\" aria-hidden=\"true\" class=\"wp-block-spacer\"><\/div>\n\n\n\n<p>Consid\u00e9rer l&rsquo;usage du v\u00e9lo comme une composante d&rsquo;une solution de mobilit\u00e9 permet d&rsquo;ouvrir de nouvelles perspectives pour d\u00e9velopper de nouveaux services et construire une solution pour des trajets domicile travail ou pour une offre touristique, etc. On parle alors de performance d&rsquo;usage.<\/p>\n\n\n\n<p>Souvent cette ouverture s&rsquo;accompagne d&rsquo;un besoin de coop\u00e9ration avec d&rsquo;autres acteurs du territoire, publics ou priv\u00e9s, pour proposer une offre pertinente au regard des besoins. <\/p>\n\n\n\n<p>L&rsquo;EFC, \u00e0 la diff\u00e9rence de l&rsquo;Economie de la Fonctionnalit\u00e9, porte ainsi son regard bien au-del\u00e0 des seuls biens dont l&rsquo;usage peut \u00eatre vendu, pour s&rsquo;int\u00e9resser \u00e0 toutes les fonctions de la vie, y compris au bien-vivre alimentaire.  <\/p>\n<\/div>\n<\/div>\n\n\n\n<p class=\"has-text-align-center has-large-font-size\" id=\"coop\u00e9ration\"><strong><mark style=\"background-color:rgba(0, 0, 0, 0)\" class=\"has-inline-color has-marron-color\">LA COOPERATION<\/mark><\/strong><\/p>\n\n\n\n<p>La division du travail et la sp\u00e9cialisation ont permis \u00e0 l\u2019industrie de faire les progr\u00e8s que l&rsquo;on connait mais elle a atteint ses limites aujourd&rsquo;hui, des <a rel=\"noreferrer noopener\" href=\"http:\/\/www.editionslesliensquiliberent.fr\/livre-Bullshit_Jobs-578-1-1-0-1.html\" target=\"_blank\">bulshit jobs<\/a> \u00e0 la destruction des \u00e9cosyst\u00e8mes. <\/p>\n\n\n\n<p>Face aux d\u00e9fis de notre temps, aux enjeux de transformation que nous devons relever, ce principe et la comp\u00e9tition qui en est le corolaire, doivent faire place \u00e0 la coop\u00e9ration, \u00e0 la capacit\u00e9 de porter un projet commun.  <\/p>\n\n\n\n<p>Ce changement de paradigme nous engage \u00e0 diff\u00e9rents niveaux. Ainsi, selon l&rsquo;<a rel=\"noreferrer noopener\" href=\"https:\/\/instercoop.fr\/\" target=\"_blank\">Institut des Territoires Coop\u00e9ratifs<\/a>, il s&rsquo;agit de passer : <\/p>\n\n\n\n<ul class=\"wp-block-list\">\n<li>De l\u2019expert \u2026 au fait de devenir p\u00e9dagogues les uns pour les autres,<\/li>\n\n\n\n<li>Du leader \u2026 au partage du leadership,<\/li>\n\n\n\n<li>De l\u2019entre soi \u2026 aux coop\u00e9rations ouvertes,<\/li>\n\n\n\n<li>De l\u2019\u00e9puisement\u2026 \u00e0 l\u2019\u00e9panouissement des individus et des collectifs<\/li>\n<\/ul>\n\n\n\n<p>L&rsquo;EFC proposer de son c\u00f4t\u00e9 une d\u00e9finition dans le champ du travail<sup>1<\/sup>: <em>La coop\u00e9ration consiste \u00e0 tenir compte des contraintes des autres dans les choix et arbitrages que font les acteurs dans leurs activit\u00e9s r\u00e9elles. La coop\u00e9ration s\u2019appuie sur la coordination tout en la d\u00e9passant. Elle d\u00e9signe la capacit\u00e9 des uns et des autres \u00e0 travailler dans son champ de comp\u00e9tence tout en tenant compte du travail des autres. <\/em><\/p>\n\n\n\n<p>On voit bien avec ces d\u00e9finitions, que la coop\u00e9ration ne peut pas relever d\u2019une injonction \u00e0 coop\u00e9rer. <strong><mark style=\"background-color:rgba(0, 0, 0, 0)\" class=\"has-inline-color has-marron-color\">D\u00e9velopper des coop\u00e9rations est une d\u00e9marche, le r\u00e9sultat d\u2019une intention strat\u00e9gique et de conditions organisationnelles \u00e0 mettre en \u0153uvre.<\/mark><\/strong><\/p>\n\n\n\n<p class=\"has-small-font-size\"><sup>1<\/sup>Les activit\u00e9s de travail ont pour objet de r\u00e9aliser, sous contrainte de temps et de moyens, des biens ou des service destin\u00e9s, d\u2019un c\u00f4t\u00e9, \u00e0 l\u2019autoconsommation ou au don (\u00e9conomie non mon\u00e9taire), de l\u2019autre, \u00e0 l\u2019obtention d\u2019un revenu (\u00e9conomie mon\u00e9taire, marchande ou non marchande).<\/p>\n\n\n\n<p class=\"has-text-align-left has-marron-color has-text-color has-large-font-size\"><strong>QUELQUES TRAJECTOIRES EFC<\/strong><\/p>\n\n\n\n<p>Voici quelques exemples, anciens ou r\u00e9cents qui illustrent la diversit\u00e9 des trajectoires :<\/p>\n\n\n\n<ul class=\"wp-block-list\">\n<li>Acc\u00e8s au soin et lutte contre la d\u00e9sertification m\u00e9dicale: l\u2019exp\u00e9rience de <a rel=\"noreferrer noopener\" href=\"https:\/\/www.clubnoe.org\/gesnord-2\/\" target=\"_blank\">Gesnord<\/a><\/li>\n\n\n\n<li>R\u00e9novation \u00e9nerg\u00e9tique : l\u2019exp\u00e9rience de <a rel=\"noreferrer noopener\" href=\"https:\/\/www.dumontenergies.fr\/actualites\/soluciologis-groupement-entreprise\/\" target=\"_blank\">Dumont Energie<\/a> et de la <a rel=\"noreferrer noopener\" href=\"https:\/\/www.cerdd.org\/Parcours-thematiques\/Transitions-economiques\/Initiatives-sur-les-transitions-economiques\/Quand-le-Sud-Artois-s-essaye-a-l-Economie-de-la-Fonctionnalite-de-la-Cooperation\" target=\"_blank\">CDC du Sud-Artois<\/a><\/li>\n\n\n\n<li>Mobilit\u00e9, t\u00e9l\u00e9travail : le projet <a href=\"https:\/\/www.bernieshoot.fr\/2021\/11\/corpoworking-modele-organisation-ravail-action-logement-occitanie.html\" target=\"_blank\" rel=\"noreferrer noopener\">d\u2019Action Logement<\/a><\/li>\n\n\n\n<li>Transition alimentaire : le projet d\u2019<a href=\"https:\/\/ecopolealimentaire.fr\/?page_id=101\" data-type=\"link\" data-id=\"https:\/\/ecopolealimentaire.fr\/?page_id=101\" target=\"_blank\" rel=\"noreferrer noopener\">\u00e9cop\u00f4le alimentaire d\u2019Audruicq<\/a> (r\u00e9seau Cocagne)<\/li>\n<\/ul>\n<\/div>\n<\/div>\n<\/div>\n<\/div>\n\n\n\n<div class=\"wp-block-columns is-layout-flex wp-container-core-columns-is-layout-9d6595d7 wp-block-columns-is-layout-flex\">\n<div class=\"wp-block-column is-vertically-aligned-center has-small-font-size is-layout-flow wp-block-column-is-layout-flow\" style=\"flex-basis:90%\">\n<p class=\"has-text-align-right\">Sources : <\/p>\n<\/div>\n\n\n\n<div class=\"wp-block-column is-layout-flow wp-block-column-is-layout-flow\" style=\"flex-basis:10%\"><div class=\"wp-block-image\">\n<figure class=\"alignleft size-full is-resized\"><a href=\"https:\/\/www.atemis-lir.fr\/\" target=\"_blank\" rel=\"noreferrer noopener\"><img loading=\"lazy\" decoding=\"async\" width=\"144\" height=\"47\" src=\"https:\/\/d2consult.fr\/wp-content\/uploads\/2023\/03\/image-13.png\" alt=\"\" class=\"wp-image-417\" style=\"width:71px;height:23px\"\/><\/a><\/figure>\n<\/div>\n\n\n<figure class=\"wp-block-image size-full is-resized\"><a href=\"https:\/\/www.inovane.fr\/\" target=\"_blank\" rel=\"noreferrer noopener\"><img loading=\"lazy\" decoding=\"async\" width=\"314\" height=\"147\" src=\"https:\/\/d2consult.fr\/wp-content\/uploads\/2023\/03\/image-12.png\" alt=\"\" class=\"wp-image-416\" style=\"width:66px;height:31px\" srcset=\"https:\/\/d2consult.fr\/wp-content\/uploads\/2023\/03\/image-12.png 314w, https:\/\/d2consult.fr\/wp-content\/uploads\/2023\/03\/image-12-300x140.png 300w\" sizes=\"auto, (max-width: 314px) 100vw, 314px\" \/><\/a><\/figure>\n<\/div>\n<\/div>\n\n\n\n<p class=\"has-text-align-right\">Vers&nbsp;<a href=\"https:\/\/d2consult.fr\/?page_id=66\">Mon offre<\/a><\/p>\n","protected":false},"excerpt":{"rendered":"<p>L\u2019ECONOMIE DE LA FONCTIONNALITE ET DE LA COOPERATION L\u2019EFC s\u2019est d\u00e9velopp\u00e9e depuis le d\u00e9but des ann\u00e9es 2000 avec l\u2019ambition d&rsquo;exp\u00e9rimenter de nouveaux mod\u00e8les \u00e9conomiques qui permettent de prendre en charge les enjeux environnementaux et sociaux. Ces exp\u00e9rimentations ont \u00e9t\u00e9 men\u00e9es par le laboratoire d&rsquo;intervention-recherche ATEMIS qui a \u00e9galement travaill\u00e9, avec l&rsquo;Institut Europ\u00e9en de l&rsquo;EFC, \u00e0 &#8230; <a title=\"L&rsquo;EFC\" class=\"read-more\" href=\"https:\/\/d2consult.fr\/?page_id=68\" aria-label=\"En savoir plus sur L&rsquo;EFC\">Lire la suite<\/a><\/p>\n","protected":false},"author":1,"featured_media":0,"parent":13,"menu_order":0,"comment_status":"closed","ping_status":"closed","template":"","meta":{"footnotes":""},"class_list":["post-68","page","type-page","status-publish"],"_links":{"self":[{"href":"https:\/\/d2consult.fr\/index.php?rest_route=\/wp\/v2\/pages\/68","targetHints":{"allow":["GET"]}}],"collection":[{"href":"https:\/\/d2consult.fr\/index.php?rest_route=\/wp\/v2\/pages"}],"about":[{"href":"https:\/\/d2consult.fr\/index.php?rest_route=\/wp\/v2\/types\/page"}],"author":[{"embeddable":true,"href":"https:\/\/d2consult.fr\/index.php?rest_route=\/wp\/v2\/users\/1"}],"replies":[{"embeddable":true,"href":"https:\/\/d2consult.fr\/index.php?rest_route=%2Fwp%2Fv2%2Fcomments&post=68"}],"version-history":[{"count":79,"href":"https:\/\/d2consult.fr\/index.php?rest_route=\/wp\/v2\/pages\/68\/revisions"}],"predecessor-version":[{"id":1357,"href":"https:\/\/d2consult.fr\/index.php?rest_route=\/wp\/v2\/pages\/68\/revisions\/1357"}],"up":[{"embeddable":true,"href":"https:\/\/d2consult.fr\/index.php?rest_route=\/wp\/v2\/pages\/13"}],"wp:attachment":[{"href":"https:\/\/d2consult.fr\/index.php?rest_route=%2Fwp%2Fv2%2Fmedia&parent=68"}],"curies":[{"name":"wp","href":"https:\/\/api.w.org\/{rel}","templated":true}]}}