{"id":66,"date":"2023-03-24T12:32:21","date_gmt":"2023-03-24T11:32:21","guid":{"rendered":"https:\/\/d2consult.fr\/?page_id=66"},"modified":"2025-04-01T11:05:25","modified_gmt":"2025-04-01T09:05:25","slug":"mon-offre-2-2","status":"publish","type":"page","link":"https:\/\/d2consult.fr\/?page_id=66","title":{"rendered":"Mon offre"},"content":{"rendered":"\n<div class=\"wp-block-columns is-layout-flex wp-container-core-columns-is-layout-9d6595d7 wp-block-columns-is-layout-flex\">\n<div class=\"wp-block-column is-vertically-aligned-top is-layout-flow wp-block-column-is-layout-flow\" style=\"flex-basis:35%\">\n<figure class=\"wp-block-image size-full is-resized\"><img loading=\"lazy\" decoding=\"async\" width=\"480\" height=\"480\" src=\"https:\/\/d2consult.fr\/wp-content\/uploads\/2023\/05\/Wavy_Bus-30_Single-06.jpg\" alt=\"\" class=\"wp-image-936\" style=\"width:382px;height:382px\" srcset=\"https:\/\/d2consult.fr\/wp-content\/uploads\/2023\/05\/Wavy_Bus-30_Single-06.jpg 480w, https:\/\/d2consult.fr\/wp-content\/uploads\/2023\/05\/Wavy_Bus-30_Single-06-300x300.jpg 300w, https:\/\/d2consult.fr\/wp-content\/uploads\/2023\/05\/Wavy_Bus-30_Single-06-150x150.jpg 150w\" sizes=\"auto, (max-width: 480px) 100vw, 480px\" \/><\/figure>\n\n\n\n<hr class=\"wp-block-separator has-text-color has-base-3-color has-alpha-channel-opacity has-base-3-background-color has-background\"\/>\n\n\n\n<div class=\"wp-block-buttons is-content-justification-center is-layout-flex wp-container-core-buttons-is-layout-16018d1d wp-block-buttons-is-layout-flex\">\n<div class=\"wp-block-button has-custom-font-size has-medium-font-size\"><a class=\"wp-block-button__link has-accent-background-color has-background has-text-align-center wp-element-button\" href=\"https:\/\/d2consult.fr\/?page_id=17\">Me contacter<\/a><\/div>\n<\/div>\n<\/div>\n\n\n\n<div class=\"wp-block-column is-vertically-aligned-top is-layout-flow wp-block-column-is-layout-flow\" style=\"flex-basis:65%\">\n<p class=\"has-text-align-center has-marron-color has-text-color has-large-font-size\"><strong>MON OFFRE<\/strong><\/p>\n\n\n\n<p>L\u2019ensemble des prestations que je peux proposer a pour objectif de<strong><mark style=\"background-color:rgba(0, 0, 0, 0)\" class=\"has-inline-color has-marron-color\"> <a href=\"https:\/\/d2consult.fr\/?page_id=71\">vous accompagner dans votre projet<\/a><\/mark><\/strong> en m&rsquo;appuyant notamment sur le r\u00e9f\u00e9rentiel de<strong> <a href=\"https:\/\/d2consult.fr\/?page_id=68\">l&rsquo;Economie de la Fonctionnalit\u00e9 et de la coop\u00e9ration (EFC<\/a><\/strong><a href=\"https:\/\/d2consult.fr\/?page_id=68\"><strong>)<\/strong><\/a> et la m\u00e9thode <a href=\"https:\/\/d2consult.fr\/?page_id=1406\"><strong>Bilan Carbone\u00ae<\/strong><\/a>. Je peux aussi proposer <a href=\"https:\/\/d2consult.fr\/?page_id=70\"><strong>des formations<\/strong><\/a> sur les questions de mod\u00e8les \u00e9conomiques ou proposer <strong><a href=\"https:\/\/d2consult.fr\/?page_id=69\">des ateliers<\/a><\/strong> de sensibilisation aux enjeux sociaux et environnementaux<em>.<\/em><\/p>\n\n\n\n<div class=\"wp-block-group\"><div class=\"wp-block-group__inner-container is-layout-constrained wp-block-group-is-layout-constrained\">\n<p><mark style=\"background-color:rgba(0, 0, 0, 0)\" class=\"has-inline-color has-marron-color\"><strong>Pour qui ?<\/strong><\/mark> <\/p>\n\n\n\n<ul class=\"wp-block-list\">\n<li>Dirigeants et porteurs de projets, d\u2019entreprises, coop\u00e9ratives, associations<\/li>\n\n\n\n<li>Collectifs constitu\u00e9s ou en cours de formation avec un projet de PTCE, de tiers-lieux ou autre<\/li>\n\n\n\n<li>Agents de collectivit\u00e9s, Elus<\/li>\n<\/ul>\n<\/div><\/div>\n<\/div>\n<\/div>\n\n\n\n<div class=\"wp-block-columns is-layout-flex wp-container-core-columns-is-layout-9d6595d7 wp-block-columns-is-layout-flex\">\n<div class=\"wp-block-column is-vertically-aligned-bottom is-layout-flow wp-block-column-is-layout-flow\" style=\"flex-basis:33.33%\">\n<p class=\"has-text-align-center\" id=\"ressources\"><strong><mark style=\"background-color:rgba(0, 0, 0, 0)\" class=\"has-inline-color has-orange-color\">Ressources du territoire<\/mark><\/strong><\/p>\n\n\n\n<p>Les ressources ou atouts d\u2019un territoire sont multiples:<\/p>\n\n\n\n<ul class=\"wp-block-list\">\n<li><strong>Les habitants<\/strong> :&nbsp; leurs comp\u00e9tences, leurs envies, leurs projets\u2026<\/li>\n\n\n\n<li><strong>Les collectifs de citoyens<\/strong> : groupes de voisins, collectifs, associations\u2026<\/li>\n\n\n\n<li><strong>Les acteurs \u00e9conomiques<\/strong> : commer\u00e7ants, entreprises, structures ESS\u2026<\/li>\n\n\n\n<li><strong>Les institutions<\/strong> : collectivit\u00e9s, p\u00f4le emploi, un tribunal\u2026<\/li>\n\n\n\n<li><strong>L\u2019espace physique<\/strong> : les habitations, un parc, un gymnase, une rivi\u00e8re\u2026<\/li>\n\n\n\n<li><strong>Les r\u00e9cits<\/strong> : l\u2019histoire du territoire, la m\u00e9moire, les \u00e9v\u00e9nements\u2026<\/li>\n<\/ul>\n\n\n\n<p>Source : <a href=\"https:\/\/en.wikipedia.org\/wiki\/Asset-based_community_development\" target=\"_blank\" rel=\"noreferrer noopener\">ABCD<\/a> <\/p>\n<\/div>\n\n\n\n<div class=\"wp-block-column is-layout-flow wp-block-column-is-layout-flow\" style=\"flex-basis:66.66%\">\n<p><mark style=\"background-color:rgba(0, 0, 0, 0)\" class=\"has-inline-color has-marron-color\"><strong>Pour quels objectifs ?<\/strong><\/mark> <\/p>\n\n\n\n<p>Au quotidien nos concitoyens doivent se nourrir, se loger, se d\u00e9placer, se divertir, etc. Les formes actuelles de r\u00e9ponse \u00e0 ces besoins g\u00e9n\u00e8rent de nombreuses externalit\u00e9s n\u00e9gatives (\u00e9missions de gaz \u00e0 effet de serre &#8211; GES, pollutions, pr\u00e9carit\u00e9, perte de sens\u2026), qui invitent \u00e0 d\u00e9velopper de nouvelles formes de r\u00e9ponse.<\/p>\n\n\n\n<p><br><\/p>\n\n\n\n<figure class=\"wp-block-image size-large\"><img loading=\"lazy\" decoding=\"async\" width=\"1024\" height=\"368\" src=\"https:\/\/d2consult.fr\/wp-content\/uploads\/2023\/04\/image-15-1024x368.png\" alt=\"\" class=\"wp-image-824\" srcset=\"https:\/\/d2consult.fr\/wp-content\/uploads\/2023\/04\/image-15-1024x368.png 1024w, https:\/\/d2consult.fr\/wp-content\/uploads\/2023\/04\/image-15-300x108.png 300w, https:\/\/d2consult.fr\/wp-content\/uploads\/2023\/04\/image-15-768x276.png 768w, https:\/\/d2consult.fr\/wp-content\/uploads\/2023\/04\/image-15-1536x552.png 1536w, https:\/\/d2consult.fr\/wp-content\/uploads\/2023\/04\/image-15.png 1802w\" sizes=\"auto, (max-width: 1024px) 100vw, 1024px\" \/><\/figure>\n\n\n\n<div class=\"wp-block-columns is-layout-flex wp-container-core-columns-is-layout-9d6595d7 wp-block-columns-is-layout-flex\">\n<div class=\"wp-block-column is-layout-flow wp-block-column-is-layout-flow\" style=\"flex-basis:33%\">\n<ul class=\"wp-block-list\">\n<li>Sensibiliser aux enjeux du d\u00e9veloppement durable<\/li>\n\n\n\n<li>Parler de transition \u00e9conomique<\/li>\n\n\n\n<li>D\u00e9couvrir l\u2019EFC<\/li>\n<\/ul>\n<\/div>\n\n\n\n<div class=\"wp-block-column is-layout-flow wp-block-column-is-layout-flow\" style=\"flex-basis:33%\">\n<ul class=\"wp-block-list\">\n<li>Mobiliser des acteurs<\/li>\n\n\n\n<li>Recenser les ressources d\u2019un territoire<\/li>\n\n\n\n<li>Coconstruire une r\u00e9ponse pertinente \u00e0 un enjeu (mobilit\u00e9, alimentation, habiter\u2026)<\/li>\n<\/ul>\n<\/div>\n\n\n\n<div class=\"wp-block-column is-layout-flow wp-block-column-is-layout-flow\" style=\"flex-basis:33%\">\n<ul class=\"wp-block-list\">\n<li>Transformer son mod\u00e8le \u00e9conomique<\/li>\n\n\n\n<li>D\u00e9velopper les impacts sociaux ou environnementaux de son projet initial<\/li>\n\n\n\n<li>Soutenir la p\u00e9rennit\u00e9 de son projet<\/li>\n<\/ul>\n<\/div>\n<\/div>\n<\/div>\n<\/div>\n\n\n\n<div class=\"wp-block-columns is-layout-flex wp-container-core-columns-is-layout-9d6595d7 wp-block-columns-is-layout-flex\">\n<div class=\"wp-block-column is-vertically-aligned-center is-layout-flow wp-block-column-is-layout-flow\" style=\"flex-basis:33.33%\">\n<hr class=\"wp-block-separator has-text-color has-base-3-color has-alpha-channel-opacity has-base-3-background-color has-background\"\/>\n\n\n\n<div class=\"wp-block-buttons is-content-justification-center is-layout-flex wp-container-core-buttons-is-layout-16018d1d wp-block-buttons-is-layout-flex\">\n<div class=\"wp-block-button has-custom-font-size has-medium-font-size\"><a class=\"wp-block-button__link has-accent-background-color has-background has-text-align-center wp-element-button\" href=\"https:\/\/d2consult.fr\/?page_id=17\">Me contacter<\/a><\/div>\n<\/div>\n<\/div>\n\n\n\n<div class=\"wp-block-column is-layout-flow wp-block-column-is-layout-flow\" style=\"flex-basis:66.66%\">\n<p class=\"has-text-align-center has-marron-color has-text-color has-large-font-size\"><strong><mark style=\"background-color:rgba(0, 0, 0, 0)\" class=\"has-inline-color has-marron-color\">TARIFS<\/mark><\/strong><\/p>\n\n\n\n<div class=\"wp-block-group\"><div class=\"wp-block-group__inner-container is-layout-constrained wp-block-group-is-layout-constrained\">\n<p>Je n\u2019ai pas de tarif pr\u00e9\u00e9tabli pour telle ou telle prestation. Plusieurs param\u00e8tres peuvent intervenir, le temps de travail bien s\u00fbr, mais aussi :<\/p>\n\n\n\n<ul class=\"wp-block-list\">\n<li>Une notion de <strong><mark style=\"background-color:rgba(0, 0, 0, 0)\" class=\"has-inline-color has-marron-color\">valeur attendue<\/mark><\/strong> : quelle valeur est donn\u00e9e par le client \u00e0 la prestation et quelles sont ses capacit\u00e9s financi\u00e8res ? C\u2019est ce qui permet de d\u00e9finir une <strong><mark style=\"background-color:rgba(0, 0, 0, 0)\" class=\"has-inline-color has-marron-color\">d\u00e9pense acceptable<\/mark><\/strong>, que je pr\u00e9f\u00e8re \u00e0 prix libres<\/li>\n\n\n\n<li>Peut-\u00eatre que votre d\u00e9pense acceptable est tr\u00e8s faible voir inexistante. Pourtant vous en attendez quelque chose qui vous permettra peut-\u00eatre de <strong><mark style=\"background-color:rgba(0, 0, 0, 0)\" class=\"has-inline-color has-marron-color\">d\u00e9bloquer une d\u00e9pense acceptable plus tard<\/mark><\/strong>.<\/li>\n<\/ul>\n\n\n\n<div class=\"wp-block-group is-vertical is-layout-flex wp-container-core-group-is-layout-8cf370e7 wp-block-group-is-layout-flex\">\n<p>Ainsi, bien souvent des acteurs se regroupent dans une perspective de monter un projet ensemble. Leur capacit\u00e9 financi\u00e8re initiale est nulle ou tr\u00e8s faible et un des enjeux de ces premiers temps est justement de trouver des financements. Il est alors possible de <strong><mark style=\"background-color:rgba(0, 0, 0, 0)\" class=\"has-inline-color has-marron-color\">coop\u00e9rer<\/mark><\/strong>, de travailler ensemble pour construire ce projet et rechercher des financements. L&rsquo;objectif sera alors que ces financements incluent un accompagnement des phases ult\u00e9rieures.<\/p>\n<\/div>\n<\/div><\/div>\n<\/div>\n<\/div>\n","protected":false},"excerpt":{"rendered":"<p>MON OFFRE L\u2019ensemble des prestations que je peux proposer a pour objectif de vous accompagner dans votre projet en m&rsquo;appuyant notamment sur le r\u00e9f\u00e9rentiel de l&rsquo;Economie de la Fonctionnalit\u00e9 et de la coop\u00e9ration (EFC) et la m\u00e9thode Bilan Carbone\u00ae. Je peux aussi proposer des formations sur les questions de mod\u00e8les \u00e9conomiques ou proposer des ateliers &#8230; <a title=\"Mon offre\" class=\"read-more\" href=\"https:\/\/d2consult.fr\/?page_id=66\" aria-label=\"En savoir plus sur Mon offre\">Lire la suite<\/a><\/p>\n","protected":false},"author":1,"featured_media":0,"parent":0,"menu_order":3,"comment_status":"closed","ping_status":"closed","template":"","meta":{"footnotes":""},"class_list":["post-66","page","type-page","status-publish"],"_links":{"self":[{"href":"https:\/\/d2consult.fr\/index.php?rest_route=\/wp\/v2\/pages\/66","targetHints":{"allow":["GET"]}}],"collection":[{"href":"https:\/\/d2consult.fr\/index.php?rest_route=\/wp\/v2\/pages"}],"about":[{"href":"https:\/\/d2consult.fr\/index.php?rest_route=\/wp\/v2\/types\/page"}],"author":[{"embeddable":true,"href":"https:\/\/d2consult.fr\/index.php?rest_route=\/wp\/v2\/users\/1"}],"replies":[{"embeddable":true,"href":"https:\/\/d2consult.fr\/index.php?rest_route=%2Fwp%2Fv2%2Fcomments&post=66"}],"version-history":[{"count":59,"href":"https:\/\/d2consult.fr\/index.php?rest_route=\/wp\/v2\/pages\/66\/revisions"}],"predecessor-version":[{"id":1424,"href":"https:\/\/d2consult.fr\/index.php?rest_route=\/wp\/v2\/pages\/66\/revisions\/1424"}],"wp:attachment":[{"href":"https:\/\/d2consult.fr\/index.php?rest_route=%2Fwp%2Fv2%2Fmedia&parent=66"}],"curies":[{"name":"wp","href":"https:\/\/api.w.org\/{rel}","templated":true}]}}