{"id":15,"date":"2023-03-20T10:28:31","date_gmt":"2023-03-20T09:28:31","guid":{"rendered":"http:\/\/d2consult.fr\/?page_id=15"},"modified":"2024-06-18T19:38:29","modified_gmt":"2024-06-18T17:38:29","slug":"mon-offre-2","status":"publish","type":"page","link":"https:\/\/d2consult.fr\/","title":{"rendered":"Page d&rsquo;accueil"},"content":{"rendered":"\n<p>Le climat se d\u00e9r\u00e8gle, l&rsquo;eau se rar\u00e9fie, l&rsquo;\u00e9nergie est de plus en plus ch\u00e8re et son abondance n&rsquo;est plus si \u00e9vidente, la biodiversit\u00e9 s&rsquo;effondre, les sols sont de moins en moins fertiles, les \u00e9carts se creusent entre des personnes et des territoires riches voire ultra-riches et des personnes et des territoires de plus en plus d\u00e9laiss\u00e9s\u2026 <strong><mark style=\"background-color:rgba(0, 0, 0, 0)\" class=\"has-inline-color has-accent-color\">de nombreux enjeux doivent \u00eatre relev\u00e9s dans les prochaines ann\u00e9es<\/mark><\/strong> pour maintenir les conditions d&rsquo;habitabilit\u00e9 de notre plan\u00e8te et la qualit\u00e9 de vie de chacun.<\/p>\n\n\n\n<p><strong><mark style=\"background-color:rgba(0, 0, 0, 0)\" class=\"has-inline-color has-accent-color\">La sobri\u00e9t\u00e9 est le nouveau ma\u00eetre mot<\/mark><\/strong>, d\u00e9clin\u00e9 en de nombreuses injonctions : consommer moins d&rsquo;eau, moins de gaz, moins de pesticide, moins de viande, moins de v\u00eatements neufs\u2026 mais aussi r\u00e9duire les d\u00e9chets, les \u00e9missions de Co2, etc. Une sobri\u00e9t\u00e9 impos\u00e9e aux plus fragiles qui alourdit leurs difficult\u00e9s. <\/p>\n\n\n\n<p>Pour y arriver nous devons d\u00e9velopper des modes de transport alternatifs et l\u2019agro\u00e9cologie, stopper l\u2019artificialisation des terres et replanter des haies, modifier notre r\u00e9gime alimentaire et r\u00e9nover les b\u00e2timents, redonner l&rsquo;acc\u00e8s aux soins et plus largement aux services de la vie quotidienne \u00e0 tous, etc. <strong><mark style=\"background-color:rgba(0, 0, 0, 0)\" class=\"has-inline-color has-accent-color\">La liste est longue des chantiers \u00e0 ouvrir !<\/mark><\/strong><\/p>\n\n\n\n<p>Mais notre soci\u00e9t\u00e9, <strong><mark style=\"background-color:rgba(0, 0, 0, 0)\" class=\"has-inline-color has-accent-color\">notre syst\u00e8me \u00e9conomique repose sur une logique de volume<\/mark><\/strong>, <strong><mark style=\"background-color:rgba(0, 0, 0, 0)\" class=\"has-inline-color has-accent-color\">incompatible avec cet objectif de sobri\u00e9t\u00e9<\/mark><\/strong>. <br>Si on r\u00e9duit notre consommation d&rsquo;eau, les services de distribution d&rsquo;eau auront moins de revenus or ces revenus, du fait du principe que \u00ab l\u2019eau paie l\u2019eau \u00bb, permettent de financer l&rsquo;entretien des r\u00e9seaux d&rsquo;eau, qui sont d&rsquo;ailleurs bien mal en point. <br>Et pouvons-nous imaginer un magasin ou une entreprise qui n&rsquo;aurait pas pour objectif central de vendre toujours plus ou toujours moins cher?<br>Et que dire des effets rebonds qui r\u00e9duisent voire annulent les effets positifs attendus de telle ou telle action ?<\/p>\n\n\n\n<p><mark style=\"background-color:var(--accent)\" class=\"has-inline-color has-base-3-color\">Le d\u00e9fi auquel nous sommes confront\u00e9s est donc de d\u00e9passer cette injonction paradoxale, entre une sobri\u00e9t\u00e9 qui apparait de plus en plus indispensable, et des activit\u00e9s \u00e9conomiques dont la rentabilit\u00e9 repose sur des ressources illimit\u00e9es et bon march\u00e9. <\/mark><\/p>\n\n\n\n<p>C&rsquo;est l\u00e0 l&rsquo;ambition de l&rsquo;Economie de la Fonctionnalit\u00e9 et de la Coop\u00e9ration (EFC) qui sous-tend <strong><mark style=\"background-color:rgba(0, 0, 0, 0)\" class=\"has-inline-color has-accent-color\">mon travail d&rsquo;accompagnement des acteurs du territoire, \u00e9lus, agents, dirigeants d&rsquo;entreprises et structures ESS, citoyens, pour coconstruire de nouvelles formes de r\u00e9ponses aux besoins de leur territoire. <\/mark><\/strong><br>S&rsquo;alimenter, se loger, se d\u00e9placer, s&rsquo;habiller, se soigner, s&rsquo;instruire, se divertir\u2026 sont des fonctions de vie qui font appel \u00e0 des pratiques des habitants en interaction avec des acteurs \u00e9conomiques et institutionnels. L&rsquo;objectif de l&rsquo;EFC est de mettre en place de nouveaux agencements d&rsquo;acteurs, publics et priv\u00e9s, qui organisent des activit\u00e9s pour prendre en charge tout \u00e0 la fois les questions de sobri\u00e9t\u00e9, de qualit\u00e9 de vie sur le territoire et de p\u00e9rennit\u00e9 des acteurs \u00e9conomiques.<\/p>\n\n\n\n<p>D&rsquo;autres r\u00e9f\u00e9rentiels nourrissent mon travail et notamment les besoins fondamentaux d\u00e9crits par Manfred Max Neef, les conditions d&rsquo;un d\u00e9veloppement durable ou natural steps, la maturit\u00e9 coop\u00e9rative d\u00e9crite par Instercoop, le d\u00e9veloppement bas\u00e9 sur les ressources ABCD.<\/p>\n\n\n\n<p><br>Retrouver plus d&rsquo;information sur <a href=\"https:\/\/d2consult.fr\/?page_id=68\">l&rsquo;EFC<\/a> et sur <a href=\"https:\/\/d2consult.fr\/?page_id=66\">mon offre<\/a> <br><\/p>\n\n\n<div class=\"wp-block-image\">\n<figure class=\"aligncenter size-full is-resized\"><a href=\"https:\/\/d2consult.fr\/?page_id=17\"><img loading=\"lazy\" decoding=\"async\" width=\"441\" height=\"79\" src=\"https:\/\/d2consult.fr\/wp-content\/uploads\/2023\/03\/image-8.png\" alt=\"\" class=\"wp-image-242\" style=\"width:265px;height:47px\" srcset=\"https:\/\/d2consult.fr\/wp-content\/uploads\/2023\/03\/image-8.png 441w, https:\/\/d2consult.fr\/wp-content\/uploads\/2023\/03\/image-8-300x54.png 300w\" sizes=\"auto, (max-width: 441px) 100vw, 441px\" \/><\/a><\/figure>\n<\/div>","protected":false},"excerpt":{"rendered":"<p>Le climat se d\u00e9r\u00e8gle, l&rsquo;eau se rar\u00e9fie, l&rsquo;\u00e9nergie est de plus en plus ch\u00e8re et son abondance n&rsquo;est plus si \u00e9vidente, la biodiversit\u00e9 s&rsquo;effondre, les sols sont de moins en moins fertiles, les \u00e9carts se creusent entre des personnes et des territoires riches voire ultra-riches et des personnes et des territoires de plus en plus &#8230; <a title=\"Page d&rsquo;accueil\" class=\"read-more\" href=\"https:\/\/d2consult.fr\/\" aria-label=\"En savoir plus sur Page d&rsquo;accueil\">Lire la suite<\/a><\/p>\n","protected":false},"author":1,"featured_media":36,"parent":0,"menu_order":0,"comment_status":"closed","ping_status":"closed","template":"","meta":{"footnotes":""},"class_list":["post-15","page","type-page","status-publish","has-post-thumbnail"],"_links":{"self":[{"href":"https:\/\/d2consult.fr\/index.php?rest_route=\/wp\/v2\/pages\/15","targetHints":{"allow":["GET"]}}],"collection":[{"href":"https:\/\/d2consult.fr\/index.php?rest_route=\/wp\/v2\/pages"}],"about":[{"href":"https:\/\/d2consult.fr\/index.php?rest_route=\/wp\/v2\/types\/page"}],"author":[{"embeddable":true,"href":"https:\/\/d2consult.fr\/index.php?rest_route=\/wp\/v2\/users\/1"}],"replies":[{"embeddable":true,"href":"https:\/\/d2consult.fr\/index.php?rest_route=%2Fwp%2Fv2%2Fcomments&post=15"}],"version-history":[{"count":25,"href":"https:\/\/d2consult.fr\/index.php?rest_route=\/wp\/v2\/pages\/15\/revisions"}],"predecessor-version":[{"id":1348,"href":"https:\/\/d2consult.fr\/index.php?rest_route=\/wp\/v2\/pages\/15\/revisions\/1348"}],"wp:featuredmedia":[{"embeddable":true,"href":"https:\/\/d2consult.fr\/index.php?rest_route=\/wp\/v2\/media\/36"}],"wp:attachment":[{"href":"https:\/\/d2consult.fr\/index.php?rest_route=%2Fwp%2Fv2%2Fmedia&parent=15"}],"curies":[{"name":"wp","href":"https:\/\/api.w.org\/{rel}","templated":true}]}}