{"id":1406,"date":"2025-04-01T10:45:26","date_gmt":"2025-04-01T08:45:26","guid":{"rendered":"https:\/\/d2consult.fr\/?page_id=1406"},"modified":"2025-04-01T10:58:01","modified_gmt":"2025-04-01T08:58:01","slug":"bilan-carbone","status":"publish","type":"page","link":"https:\/\/d2consult.fr\/?page_id=1406","title":{"rendered":"Bilan Carbone\u00ae"},"content":{"rendered":"\n<p class=\"has-large-font-size\"><strong><mark style=\"background-color:rgba(0, 0, 0, 0)\" class=\"has-inline-color has-marron-color\">REALISER UN BILAN CARBONE<\/mark><\/strong><\/p>\n\n\n\n<p>R\u00e9aliser un Bilan Carbone est un projet qui habituellement dure de 4 \u00e0 6 mois en suivant des \u00e9tapes d\u00e9crites dans un sch\u00e9ma issu de la \u00ab\u00a0m\u00e9thode pour la r\u00e9alisation des bilans d\u2019\u00e9missions de gaz \u00e0 effet de serre conform\u00e9ment \u00e0 l\u2019article l. 229-25 du code de l\u2019environnement\u00a0\u00bb (PM = Personne Morale). <\/p>\n\n\n\n<p>Il permet aux entreprises de mieux se connaitre pour ma\u00eetriser ses risques. En effet, les activit\u00e9s polluantes vont \u00eatre de plus en plus p\u00e9nalis\u00e9es par la r\u00e8glementation ou les clients tandis que l&rsquo;augmentation du co\u00fbt des \u00e9nergies fossiles peut aussi d\u00e9stabiliser l&rsquo;entreprise.  Le Bilan Carbone permet une \u00e9valuation de ces risques en mati\u00e8re de gaz \u00e0 effet de serre au travers de simulations possibles de la mise en place d&rsquo;une taxe sur les \u00e9mission et d&rsquo;une augmentation du prix du p\u00e9trole. <\/p>\n\n\n<div class=\"wp-block-image\">\n<figure class=\"aligncenter size-large\"><img loading=\"lazy\" decoding=\"async\" width=\"1024\" height=\"757\" src=\"https:\/\/d2consult.fr\/wp-content\/uploads\/2025\/04\/image-1024x757.png\" alt=\"\" class=\"wp-image-1409\" srcset=\"https:\/\/d2consult.fr\/wp-content\/uploads\/2025\/04\/image-1024x757.png 1024w, https:\/\/d2consult.fr\/wp-content\/uploads\/2025\/04\/image-300x222.png 300w, https:\/\/d2consult.fr\/wp-content\/uploads\/2025\/04\/image-768x568.png 768w, https:\/\/d2consult.fr\/wp-content\/uploads\/2025\/04\/image.png 1035w\" sizes=\"auto, (max-width: 1024px) 100vw, 1024px\" \/><\/figure>\n<\/div>\n\n\n<p>Le projet d&rsquo;un Bilan Carbone engage la direction de l&rsquo;entreprise qui est mobilis\u00e9e trois fois dans le processus pour le cadrage, la pr\u00e9sentation des premiers r\u00e9sultats et la restitution finale. Ces moments sont aussi l&rsquo;occasion de pr\u00e9senter les enjeux que le Bilan Carbone permettra de caract\u00e9riser \u00e0 l&rsquo;\u00e9chelle de l&rsquo;entreprise. L&rsquo;animation d&rsquo;une fresque du climat peut \u00eatre envisag\u00e9e dans ce cadre. <\/p>\n\n\n\n<p>D&rsquo;autres temps collectifs ou ateliers sont organis\u00e9s pour coconstruire le plan d&rsquo;action tandis que le calcul des \u00e9missions de GES (gaz \u00e0 effet de serre) est r\u00e9alis\u00e9 par le consultant, en lien avec les responsables op\u00e9rationnels de l&rsquo;entreprise pour la collecte des donn\u00e9es. <\/p>\n\n\n\n<p>Le plan d&rsquo;action est une premi\u00e8re \u00e9bauche. La construction d&rsquo;une strat\u00e9gie bas-carbone est la suite logique d&rsquo;un Bilan Carbone. <a href=\"http:\/\/actinitiative.org\" data-type=\"link\" data-id=\"actinitiative.org\">Act pas \u00e0 pas<\/a> est la m\u00e9thode propos\u00e9e par l&rsquo;ADEME qui peut \u00eatre conduite dans le cadre d&rsquo;un dispositif collectif. <\/p>\n\n\n\n<hr class=\"wp-block-separator has-text-color has-base-3-color has-alpha-channel-opacity has-base-3-background-color has-background\"\/>\n\n\n\n<div class=\"wp-block-buttons is-content-justification-center is-layout-flex wp-container-core-buttons-is-layout-16018d1d wp-block-buttons-is-layout-flex\">\n<div class=\"wp-block-button has-custom-font-size has-medium-font-size\"><a class=\"wp-block-button__link has-accent-background-color has-background has-text-align-center wp-element-button\" href=\"https:\/\/d2consult.fr\/?page_id=17\">Me contacter<\/a><\/div>\n<\/div>\n\n\n\n<p><\/p>\n","protected":false},"excerpt":{"rendered":"<p>REALISER UN BILAN CARBONE R\u00e9aliser un Bilan Carbone est un projet qui habituellement dure de 4 \u00e0 6 mois en suivant des \u00e9tapes d\u00e9crites dans un sch\u00e9ma issu de la \u00ab\u00a0m\u00e9thode pour la r\u00e9alisation des bilans d\u2019\u00e9missions de gaz \u00e0 effet de serre conform\u00e9ment \u00e0 l\u2019article l. 229-25 du code de l\u2019environnement\u00a0\u00bb (PM = Personne &#8230; <a title=\"Bilan Carbone\u00ae\" class=\"read-more\" href=\"https:\/\/d2consult.fr\/?page_id=1406\" aria-label=\"En savoir plus sur Bilan Carbone\u00ae\">Lire la suite<\/a><\/p>\n","protected":false},"author":1,"featured_media":0,"parent":66,"menu_order":0,"comment_status":"closed","ping_status":"closed","template":"","meta":{"footnotes":""},"class_list":["post-1406","page","type-page","status-publish"],"_links":{"self":[{"href":"https:\/\/d2consult.fr\/index.php?rest_route=\/wp\/v2\/pages\/1406","targetHints":{"allow":["GET"]}}],"collection":[{"href":"https:\/\/d2consult.fr\/index.php?rest_route=\/wp\/v2\/pages"}],"about":[{"href":"https:\/\/d2consult.fr\/index.php?rest_route=\/wp\/v2\/types\/page"}],"author":[{"embeddable":true,"href":"https:\/\/d2consult.fr\/index.php?rest_route=\/wp\/v2\/users\/1"}],"replies":[{"embeddable":true,"href":"https:\/\/d2consult.fr\/index.php?rest_route=%2Fwp%2Fv2%2Fcomments&post=1406"}],"version-history":[{"count":5,"href":"https:\/\/d2consult.fr\/index.php?rest_route=\/wp\/v2\/pages\/1406\/revisions"}],"predecessor-version":[{"id":1417,"href":"https:\/\/d2consult.fr\/index.php?rest_route=\/wp\/v2\/pages\/1406\/revisions\/1417"}],"up":[{"embeddable":true,"href":"https:\/\/d2consult.fr\/index.php?rest_route=\/wp\/v2\/pages\/66"}],"wp:attachment":[{"href":"https:\/\/d2consult.fr\/index.php?rest_route=%2Fwp%2Fv2%2Fmedia&parent=1406"}],"curies":[{"name":"wp","href":"https:\/\/api.w.org\/{rel}","templated":true}]}}