{"id":1322,"date":"2024-06-18T19:39:26","date_gmt":"2024-06-18T17:39:26","guid":{"rendered":"https:\/\/d2consult.fr\/?page_id=1322"},"modified":"2024-06-20T11:09:04","modified_gmt":"2024-06-20T09:09:04","slug":"referentiels-definitions","status":"publish","type":"page","link":"https:\/\/d2consult.fr\/?page_id=1322","title":{"rendered":"R\u00e9f\u00e9rentiels &amp; d\u00e9finitions"},"content":{"rendered":"\n<h2 class=\"wp-block-heading has-text-align-center has-large-font-size\"><strong><mark style=\"background-color:rgba(0, 0, 0, 0)\" class=\"has-inline-color has-marron-color\">REFERENTIELS &amp; DEFINITIONS<\/mark><\/strong><\/h2>\n\n\n\n<div class=\"wp-block-columns is-layout-flex wp-container-core-columns-is-layout-9d6595d7 wp-block-columns-is-layout-flex\">\n<div class=\"wp-block-column has-vert-claire-background-color has-background is-layout-flow wp-block-column-is-layout-flow\">\n<div class=\"wp-block-group has-vert-claire-background-color has-background\"><div class=\"wp-block-group__inner-container is-layout-constrained wp-block-group-is-layout-constrained\">\n<p class=\"has-text-align-center has-vert-claire-background-color has-background\"><strong><mark style=\"background-color:rgba(0, 0, 0, 0)\" class=\"has-inline-color has-accent-color\">Transition et d\u00e9veloppement durable<\/mark><\/strong><\/p>\n\n\n\n<div class=\"wp-block-group has-vert-claire-background-color has-background is-vertical is-layout-flex wp-container-core-group-is-layout-8cf370e7 wp-block-group-is-layout-flex\">\n<p>Transition, d\u00e9veloppement durable ou soutenable&#8230; font partie des mots dont il convient aujourd&rsquo;hui de pr\u00e9ciser le sens qu&rsquo;on leur donne. <\/p>\n\n\n\n<p>Pour ma part j\u2019emploie le mot <strong><mark style=\"background-color:rgba(0, 0, 0, 0)\" class=\"has-inline-color has-accent-color\">transition <\/mark><\/strong>dans sa d\u00e9finition du Larousse : passage d&rsquo;un \u00e9tat \u00e0 un autre.<\/p>\n\n\n\n<p>Tandis que le <mark style=\"background-color:rgba(0, 0, 0, 0)\" class=\"has-inline-color has-accent-color\"><strong>d\u00e9veloppement durable ou soutenable<\/strong>,<\/mark> \u00e9voque pour moi la capacit\u00e9 de r\u00e9pondre aux besoins fondamentaux des humains de fa\u00e7on soutenable. Notre mode de vie actuel, le syst\u00e8me dominant actuel fait la d\u00e9monstration qu\u2019il n\u2019en est pas capable. <\/p>\n\n\n\n<p>Nous devons sortir des modes de faire actuels pour construire de nouvelles formes de r\u00e9ponse \u00e0 nos besoins.<\/p>\n\n\n\n<div style=\"height:17px\" aria-hidden=\"true\" class=\"wp-block-spacer wp-container-content-fd0eeb70\"><\/div>\n<\/div>\n\n\n\n<figure class=\"wp-block-embed is-type-video is-provider-youtube wp-block-embed-youtube wp-embed-aspect-16-9 wp-has-aspect-ratio\"><div class=\"wp-block-embed__wrapper\">\n<iframe loading=\"lazy\" title=\"D\u00e9veloppement durable: d\u00e9finition simple &amp; scientifique\" width=\"1200\" height=\"675\" src=\"https:\/\/www.youtube.com\/embed\/eH2NK5eBNsc?feature=oembed\" frameborder=\"0\" allow=\"accelerometer; autoplay; clipboard-write; encrypted-media; gyroscope; picture-in-picture; web-share\" referrerpolicy=\"strict-origin-when-cross-origin\" allowfullscreen><\/iframe>\n<\/div><\/figure>\n<\/div><\/div>\n<\/div>\n\n\n\n<div class=\"wp-block-column has-base-3-background-color has-background is-layout-flow wp-block-column-is-layout-flow\">\n<div class=\"wp-block-group has-base-3-background-color has-background\"><div class=\"wp-block-group__inner-container is-layout-constrained wp-block-group-is-layout-constrained\">\n<p class=\"has-text-align-center\"><strong><mark style=\"background-color:rgba(0, 0, 0, 0)\" class=\"has-inline-color has-accent-color\">Soutenabilit\u00e9<\/mark><\/strong><\/p>\n\n\n\n<p>D\u00e8s l\u2019origine, ce concept a \u00e9t\u00e9 propos\u00e9 avec deux niveaux : soutenabilit\u00e9 faible et <strong><mark style=\"background-color:rgba(0, 0, 0, 0)\" class=\"has-inline-color has-accent-color\">soutenabilit\u00e9 forte<\/mark><\/strong>*. C\u2019est le premier qui a \u00e9t\u00e9 retenu. On sait aujourd\u2019hui que ce n\u2019\u00e9tait qu\u2019une impasse et que la soutenabilit\u00e9 forte est incontournable, celle qui con\u00e7oit <strong><mark style=\"background-color:rgba(0, 0, 0, 0)\" class=\"has-inline-color has-accent-color\">un syst\u00e8me \u00e9conomique au service de l\u2019Homme et du Vivant<\/mark><\/strong>.<\/p>\n\n\n\n<p>* Ren\u00e9 Passet &#8211; <a href=\"http:\/\/ciret-transdisciplinarity.org\/locarno\/loca5c9.php\">CIRET<\/a><\/p>\n\n\n<div class=\"wp-block-image\">\n<figure class=\"aligncenter size-full is-resized\"><img loading=\"lazy\" decoding=\"async\" width=\"635\" height=\"556\" src=\"https:\/\/d2consult.fr\/wp-content\/uploads\/2023\/03\/image-1.png\" alt=\"\" class=\"wp-image-85\" style=\"aspect-ratio:1.1439114391143912;width:310px;height:auto\" srcset=\"https:\/\/d2consult.fr\/wp-content\/uploads\/2023\/03\/image-1.png 635w, https:\/\/d2consult.fr\/wp-content\/uploads\/2023\/03\/image-1-300x263.png 300w\" sizes=\"auto, (max-width: 635px) 100vw, 635px\" \/><\/figure>\n<\/div>\n\n\n<p>Un canc\u00e9rologue Su\u00e9dois, Karl-Henrik Rob\u00e8rt, a cherch\u00e9, avec une cinquantaine de scientifiques, \u00e0 pr\u00e9ciser les attendus d&rsquo;un d\u00e9veloppement durable. Ils ont ainsi propos\u00e9 une d\u00e9finition de la soutenabilit\u00e9 : capacit\u00e9 de nos soci\u00e9t\u00e9s humaines \u00e0 continuer ind\u00e9finiment au sein des cycles naturels qui caract\u00e9risent le syst\u00e8me terre. <\/p>\n<\/div><\/div>\n<\/div>\n<\/div>\n\n\n\n<div class=\"wp-block-columns is-layout-flex wp-container-core-columns-is-layout-9d6595d7 wp-block-columns-is-layout-flex\">\n<div class=\"wp-block-column is-layout-flow wp-block-column-is-layout-flow\"><\/div>\n\n\n\n<div class=\"wp-block-column is-layout-flow wp-block-column-is-layout-flow\"><\/div>\n<\/div>\n\n\n\n<div class=\"wp-block-columns is-layout-flex wp-container-core-columns-is-layout-9d6595d7 wp-block-columns-is-layout-flex\">\n<div class=\"wp-block-column is-layout-flow wp-block-column-is-layout-flow\">\n<div class=\"wp-block-group\"><div class=\"wp-block-group__inner-container is-layout-constrained wp-block-group-is-layout-constrained\">\n<p class=\"has-text-align-center\"><strong><mark style=\"background-color:rgba(0, 0, 0, 0)\" class=\"has-inline-color has-accent-color\">Causes racines du d\u00e9veloppement non durable<\/mark><\/strong><\/p>\n\n\n\n<p>Les 4 causes racines de notre d\u00e9veloppement non durable correspondent au non respect des cycles naturels tels que pr\u00e9sent\u00e9s dans la d\u00e9finition du d\u00e9veloppement durable propos\u00e9 ci-dessus. <\/p>\n\n\n<div class=\"wp-block-image\">\n<figure class=\"aligncenter size-full is-resized\"><img loading=\"lazy\" decoding=\"async\" width=\"567\" height=\"711\" src=\"https:\/\/d2consult.fr\/wp-content\/uploads\/2024\/06\/image-2.png\" alt=\"\" class=\"wp-image-1332\" style=\"width:412px;height:auto\" srcset=\"https:\/\/d2consult.fr\/wp-content\/uploads\/2024\/06\/image-2.png 567w, https:\/\/d2consult.fr\/wp-content\/uploads\/2024\/06\/image-2-239x300.png 239w\" sizes=\"auto, (max-width: 567px) 100vw, 567px\" \/><\/figure>\n<\/div>\n\n\n<p>Des conditions sont ainsi d\u00e9finies: <\/p>\n\n\n\n<p>\u00ab\u00a0Dans des soci\u00e9t\u00e9s durables, la biosph\u00e8re n\u2019est pas soumise<br>\u00e0 une augmentation syst\u00e9matique de :<\/p>\n\n\n\n<ul class=\"wp-block-list\">\n<li>la concentration des substances extraites de la cro\u00fbte terrestre,<\/li>\n\n\n\n<li>la concentration des substances produites par la soci\u00e9t\u00e9,<\/li>\n\n\n\n<li>sa d\u00e9gradation par des moyens physiques,<\/li>\n<\/ul>\n\n\n\n<p>et, dans ces soci\u00e9t\u00e9s\u2026 les hommes ne sont pas soumis \u00e0 des<br>conditions qui diminuent syst\u00e9matiquement leur<br>capacit\u00e9 \u00e0 :<\/p>\n\n\n\n<ul class=\"wp-block-list\">\n<li>pr\u00e9server leur sant\u00e9<\/li>\n\n\n\n<li>exercer un pouvoir d&rsquo;influence sur les syst\u00e8mes sociaux dont ils font partie<\/li>\n\n\n\n<li>d\u00e9velopper leurs comp\u00e9tences<\/li>\n\n\n\n<li>\u00eatre consid\u00e9r\u00e9 de mani\u00e8re impartiale<\/li>\n\n\n\n<li>construire du sens<\/li>\n<\/ul>\n\n\n\n<div style=\"height:25px\" aria-hidden=\"true\" class=\"wp-block-spacer\"><\/div>\n\n\n\n<p>Source : <a href=\"https:\/\/issuu.com\/hypeio\/docs\/guideelemnat-lowresweb_20100216\" target=\"_blank\" rel=\"noreferrer noopener\">the Natural Step<\/a> <\/p>\n<\/div><\/div>\n<\/div>\n\n\n\n<div class=\"wp-block-column has-vert-claire-background-color has-background is-layout-flow wp-block-column-is-layout-flow\">\n<div class=\"wp-block-group\"><div class=\"wp-block-group__inner-container is-layout-constrained wp-block-group-is-layout-constrained\">\n<p class=\"has-text-align-center\"><strong><mark style=\"background-color:rgba(0, 0, 0, 0)\" class=\"has-inline-color has-accent-color\">Besoins humains fondamentaux<\/mark><\/strong><\/p>\n\n\n\n<div class=\"wp-block-group is-vertical is-layout-flex wp-container-core-group-is-layout-8cf370e7 wp-block-group-is-layout-flex\">\n<p>Cette notion de besoins fondamentaux nous entraine immanquablement vers la pyramide de Masslow, elle aussi reflet du syst\u00e8me dominant.<\/p>\n\n\n\n<p>Les travaux de Manfred Max-Neef permettent d\u2019envisager cette notion sous un angle diff\u00e9rent, avec deux principes de base :<\/p>\n<\/div>\n\n\n\n<ul class=\"wp-block-list\">\n<li>Les besoins humains fondamentaux sont <strong><mark style=\"background-color:rgba(0, 0, 0, 0)\" class=\"has-inline-color has-accent-color\">constants dans le temps et communs \u00e0 toutes les cultures<\/mark><mark style=\"background-color:rgba(0, 0, 0, 0)\" class=\"has-inline-color has-bleu-fonc-color\"> <\/mark><\/strong>humaines<\/li>\n\n\n\n<li><strong><mark style=\"background-color:rgba(0, 0, 0, 0)\" class=\"has-inline-color has-accent-color\">Les strat\u00e9gies par lesquelles les groupes humains cherchent \u00e0 satisfaire ces besoins sont diff\u00e9rentes<\/mark><\/strong> selon les p\u00e9riodes historiques et les cultures.<\/li>\n<\/ul>\n\n\n\n<div class=\"wp-block-group is-vertical is-layout-flex wp-container-core-group-is-layout-8cf370e7 wp-block-group-is-layout-flex\">\n<p>Autrement dit, nos besoins de subsistance, protection, affection, etc. ne changent pas mais nous devons construire une autre strat\u00e9gie pour les satisfaire, qui permette de pr\u00e9server les conditions d\u2019habitabilit\u00e9 de la plan\u00e8te.<\/p>\n\n\n\n<div style=\"height:28px\" aria-hidden=\"true\" class=\"wp-block-spacer wp-container-content-43ce77df\"><\/div>\n<\/div>\n\n\n\n<figure class=\"wp-block-image size-full\"><img loading=\"lazy\" decoding=\"async\" width=\"595\" height=\"347\" src=\"https:\/\/d2consult.fr\/wp-content\/uploads\/2023\/03\/image-2.png\" alt=\"\" class=\"wp-image-86\" srcset=\"https:\/\/d2consult.fr\/wp-content\/uploads\/2023\/03\/image-2.png 595w, https:\/\/d2consult.fr\/wp-content\/uploads\/2023\/03\/image-2-300x175.png 300w\" sizes=\"auto, (max-width: 595px) 100vw, 595px\" \/><\/figure>\n\n\n\n<div style=\"height:20px\" aria-hidden=\"true\" class=\"wp-block-spacer\"><\/div>\n\n\n\n<p><a href=\"https:\/\/fr.wikipedia.org\/wiki\/Besoins_humains_fondamentaux\">Sur Wikipedia<\/a><\/p>\n<\/div><\/div>\n<\/div>\n<\/div>\n\n\n\n<div class=\"wp-block-columns is-layout-flex wp-container-core-columns-is-layout-9d6595d7 wp-block-columns-is-layout-flex\">\n<div class=\"wp-block-column has-vert-claire-background-color has-background is-layout-flow wp-block-column-is-layout-flow\">\n<div class=\"wp-block-group\"><div class=\"wp-block-group__inner-container is-layout-constrained wp-block-group-is-layout-constrained\">\n<p class=\"has-text-align-center\" id=\"ABCD\"><strong><mark style=\"background-color:rgba(0, 0, 0, 0)\" class=\"has-inline-color has-accent-color\">D\u00e9veloppement bas\u00e9 sur les ressources<br>ABCD <\/mark><\/strong><\/p>\n\n\n\n<p>L&rsquo;approche ABCD pour Asset Based Community Development repose sur l&rsquo;id\u00e9e que se concentrer sur les ressources locales permettra de soutenir les habitants qui seront ainsi mieux \u00e0 m\u00eame de r\u00e9pondre aux besoins et de rem\u00e9dier aux probl\u00e8mes qui les concernent. <\/p>\n\n\n\n<p>Sa mise en \u0153uvre repose sur quelques principes : <\/p>\n\n\n\n<ul class=\"wp-block-list\">\n<li>Recueillir des r\u00e9cits &#8211; tirer parti de l&rsquo;exp\u00e9rience des gens pour d\u00e9couvrir les dons, les comp\u00e9tences, les talents et les aptitudes des personnes<\/li>\n\n\n\n<li>Cartographier les <a href=\"https:\/\/d2consult.fr\/?page_id=66#ressources\" data-type=\"internal\" data-id=\"#ressources\">ressources du territoire<\/a><\/li>\n\n\n\n<li>\u00catre orient\u00e9 vers l&rsquo;action &#8211; chercher \u00e0 apporter des am\u00e9liorations imm\u00e9diates<\/li>\n\n\n\n<li>Encapaciter  &#8211; inspirer et coordonner des solutions qui partent des habitants<\/li>\n<\/ul>\n\n\n<div class=\"wp-block-image\">\n<figure class=\"aligncenter size-large\"><img loading=\"lazy\" decoding=\"async\" width=\"1024\" height=\"724\" src=\"https:\/\/d2consult.fr\/wp-content\/uploads\/2024\/06\/image-3-1024x724.png\" alt=\"\" class=\"wp-image-1340\" srcset=\"https:\/\/d2consult.fr\/wp-content\/uploads\/2024\/06\/image-3-1024x724.png 1024w, https:\/\/d2consult.fr\/wp-content\/uploads\/2024\/06\/image-3-300x212.png 300w, https:\/\/d2consult.fr\/wp-content\/uploads\/2024\/06\/image-3-768x543.png 768w, https:\/\/d2consult.fr\/wp-content\/uploads\/2024\/06\/image-3.png 1215w\" sizes=\"auto, (max-width: 1024px) 100vw, 1024px\" \/><\/figure>\n<\/div>\n\n\n<div style=\"height:22px\" aria-hidden=\"true\" class=\"wp-block-spacer\"><\/div>\n\n\n<div class=\"wp-block-image\">\n<figure class=\"aligncenter size-large is-resized\"><img loading=\"lazy\" decoding=\"async\" width=\"1024\" height=\"832\" src=\"https:\/\/d2consult.fr\/wp-content\/uploads\/2024\/06\/image-6-1024x832.png\" alt=\"\" class=\"wp-image-1344\" style=\"width:401px;height:auto\" srcset=\"https:\/\/d2consult.fr\/wp-content\/uploads\/2024\/06\/image-6-1024x832.png 1024w, https:\/\/d2consult.fr\/wp-content\/uploads\/2024\/06\/image-6-300x244.png 300w, https:\/\/d2consult.fr\/wp-content\/uploads\/2024\/06\/image-6-768x624.png 768w, https:\/\/d2consult.fr\/wp-content\/uploads\/2024\/06\/image-6.png 1244w\" sizes=\"auto, (max-width: 1024px) 100vw, 1024px\" \/><\/figure>\n<\/div>\n\n\n<div style=\"height:21px\" aria-hidden=\"true\" class=\"wp-block-spacer\"><\/div>\n\n\n\n<p>Source : <a href=\"https:\/\/resources.depaul.edu\/abcd-institute\/\" data-type=\"link\" data-id=\"https:\/\/resources.depaul.edu\/abcd-institute\/\" target=\"_blank\" rel=\"noreferrer noopener\">abcd Institute<\/a> &amp; <a href=\"https:\/\/www.nurturedevelopment.org\/\" data-type=\"link\" data-id=\"https:\/\/www.nurturedevelopment.org\/\" target=\"_blank\" rel=\"noreferrer noopener\">Nurture development<\/a><\/p>\n<\/div><\/div>\n<\/div>\n\n\n\n<div class=\"wp-block-column is-layout-flow wp-block-column-is-layout-flow\">\n<div class=\"wp-block-group\"><div class=\"wp-block-group__inner-container is-layout-constrained wp-block-group-is-layout-constrained\">\n<p class=\"has-text-align-center\"><strong><mark style=\"background-color:rgba(0, 0, 0, 0)\" class=\"has-inline-color has-accent-color\">Maturit\u00e9 coop\u00e9rative<\/mark><\/strong><br><\/p>\n\n\n\n<p>La d\u00e9finition de la coop\u00e9ration est difficile \u00e0 appr\u00e9hender. Pour en tirer tous les b\u00e9n\u00e9fices dans nos projets, il nous faut la distinguer de ses presque synonymes que sont collaboration, partenariat, alliance, association&#8230; <\/p>\n\n\n\n<p>Instercop propose la d\u00e9finition suivante : <\/p>\n\n\n\n<blockquote class=\"wp-block-quote is-layout-flow wp-block-quote-is-layout-flow\">\n<p><strong><mark style=\"background-color:rgba(0, 0, 0, 0)\" class=\"has-inline-color has-accent-color\">Coop\u00e9rer <br>\u00eatre coauteur d\u2019une \u0153uvre commune<\/mark><\/strong><\/p>\n<\/blockquote>\n\n\n\n<p>du latin co (avec) et operare (\u0153uvrer)<\/p>\n\n\n\n<p>La maturit\u00e9 coop\u00e9rative correspond alors \u00e0 la capacit\u00e9 d&rsquo;un collectif \u00e0 coop\u00e9rer mais aussi \u00e0 p\u00e9renniser et transmettre. Des conditions de r\u00e9ussite ont \u00e9t\u00e9 identifi\u00e9es qui sont notamment :<\/p>\n\n\n\n<ul class=\"wp-block-list\">\n<li>Relier les niveaux <strong><mark style=\"background-color:rgba(0, 0, 0, 0)\" class=\"has-inline-color has-accent-color\">individuels, collectifs et territoriau<\/mark><\/strong>x, inh\u00e9rents \u00e0 chaque situation<\/li>\n\n\n\n<li>Etre attentif aux <strong><mark style=\"background-color:rgba(0, 0, 0, 0)\" class=\"has-inline-color has-accent-color\">9 temps de la coop\u00e9ration <\/mark><\/strong>: se rendre disponible, se relier, d\u00e9finir un cadre, s&rsquo;interroger sur ses motivations, attentes&#8230;, se d\u00e9router, adopter d&rsquo;autres positions de perception, \u00e9valuer, partager un retour nourrissant et d\u00e9canter<\/li>\n\n\n\n<li>Trouver un juste \u00e9quilibre dialogique entre : \n<ul class=\"wp-block-list\">\n<li>agir ensemble et penser ensemble<\/li>\n\n\n\n<li>questions qui se posent et r\u00e9ponses \u00e0 apporter<\/li>\n\n\n\n<li>la place que l\u2019on prend et la place que l\u2019on laisse<\/li>\n\n\n\n<li>ce que nous sommes et ce que nous voulons \u00eatre<\/li>\n\n\n\n<li>d\u00e9sir et besoin<\/li>\n\n\n\n<li>organique et planifi\u00e9<\/li>\n\n\n\n<li>lutter contre et aller vers<\/li>\n\n\n\n<li>&#8230;<\/li>\n<\/ul>\n<\/li>\n<\/ul>\n\n\n\n<p>Source : <a href=\"https:\/\/instercoop.fr\/\" target=\"_blank\" rel=\"noreferrer noopener\">Institut des territoires coop\u00e9ratifs<\/a> &#8211; Instercop<\/p>\n\n\n\n<p>L&rsquo;EFC envisage <a href=\"https:\/\/d2consult.fr\/?page_id=68#coop\u00e9ration\">la coop\u00e9ration<\/a> davantage dans une dynamique de travail. <\/p>\n<\/div><\/div>\n<\/div>\n<\/div>\n\n\n\n<div class=\"wp-block-group\"><div class=\"wp-block-group__inner-container is-layout-constrained wp-block-group-is-layout-constrained\">\n<div class=\"wp-block-columns is-layout-flex wp-container-core-columns-is-layout-9d6595d7 wp-block-columns-is-layout-flex\">\n<div class=\"wp-block-column has-base-3-background-color has-background is-layout-flow wp-block-column-is-layout-flow\">\n<div class=\"wp-block-group\"><div class=\"wp-block-group__inner-container is-layout-constrained wp-block-group-is-layout-constrained\">\n<p class=\"has-text-align-center\"><strong><mark style=\"background-color:rgba(0, 0, 0, 0)\" class=\"has-inline-color has-accent-color\">Transition num\u00e9rique<\/mark><\/strong><\/p>\n\n\n\n<p class=\"has-text-align-left\">Le num\u00e9rique est incontournable aujourd\u2019hui. Cens\u00e9 faciliter nos vies, il d\u00e9place de plus en plus de t\u00e2ches derri\u00e8re un \u00e9cran avec des transformations induites qui ne sont pas toujours positives. <\/p>\n\n\n\n<p class=\"has-text-align-left\">Outre la question de son <strong><mark style=\"background-color:rgba(0, 0, 0, 0)\" class=\"has-inline-color has-accent-color\">accessibilit\u00e9<\/mark><\/strong>, le num\u00e9rique nous <strong><mark style=\"background-color:rgba(0, 0, 0, 0)\" class=\"has-inline-color has-accent-color\">fragilise<\/mark><\/strong>.<\/p>\n\n\n\n<ul class=\"wp-block-list\">\n<li>Quid des services d\u2019urgence en cas de d\u00e9lestage \u00e9lectrique? Notre vie d\u00e9pend aujourd\u2019hui de la disponibilit\u00e9 d&rsquo;une \u00e9nergie abondante et bon march\u00e9, alors m\u00eame qu\u2019on per\u00e7oit que cette \u00e9poque est r\u00e9volue.<\/li>\n\n\n\n<li>Quelle <strong><mark style=\"background-color:rgba(0, 0, 0, 0)\" class=\"has-inline-color has-accent-color\">d\u00e9t\u00e9rioration du lien social<\/mark> <\/strong>due au num\u00e9rique ? <a href=\"https:\/\/www.mollat.com\/livres\/2241987\/eloi-laurent-l-impasse-collaborative-pour-une-veritable-economie-de-la-cooperation\">Eloi Laurent<\/a>, parle d\u2019\u00e9pid\u00e9mie de solitude dans notre monde alors m\u00eame que nous sommes connect\u00e9s en permanence aux autres. Quelle est donc la qualit\u00e9 de ces connexions ?<\/li>\n<\/ul>\n\n\n\n<p><strong><mark style=\"background-color:rgba(0, 0, 0, 0)\" class=\"has-inline-color has-accent-color\">L<\/mark><\/strong><mark style=\"background-color: rgba(0, 0, 0, 0);\" class=\"has-inline-color has-accent-color\"><b>e num\u00e9rique ne doit pas \u00eatre un horizo<\/b><\/mark><strong><mark style=\"background-color:rgba(0, 0, 0, 0)\" class=\"has-inline-color has-accent-color\">n!<\/mark><\/strong> Dans ma vie professionnelle comme personnelle, j\u2019utilise le num\u00e9rique mais sur les questions que je travaille, il n\u2019est jamais une \u00ab&nbsp;solution&nbsp;\u00bb.<\/p>\n<\/div><\/div>\n<\/div>\n\n\n\n<div class=\"wp-block-column is-layout-flow wp-block-column-is-layout-flow\"><\/div>\n<\/div>\n<\/div><\/div>\n","protected":false},"excerpt":{"rendered":"<p>REFERENTIELS &amp; DEFINITIONS Transition et d\u00e9veloppement durable Transition, d\u00e9veloppement durable ou soutenable&#8230; font partie des mots dont il convient aujourd&rsquo;hui de pr\u00e9ciser le sens qu&rsquo;on leur donne. Pour ma part j\u2019emploie le mot transition dans sa d\u00e9finition du Larousse : passage d&rsquo;un \u00e9tat \u00e0 un autre. Tandis que le d\u00e9veloppement durable ou soutenable, \u00e9voque pour &#8230; <a title=\"R\u00e9f\u00e9rentiels &amp; d\u00e9finitions\" class=\"read-more\" href=\"https:\/\/d2consult.fr\/?page_id=1322\" aria-label=\"En savoir plus sur R\u00e9f\u00e9rentiels &amp; d\u00e9finitions\">Lire la suite<\/a><\/p>\n","protected":false},"author":1,"featured_media":0,"parent":13,"menu_order":2,"comment_status":"closed","ping_status":"closed","template":"","meta":{"footnotes":""},"class_list":["post-1322","page","type-page","status-publish"],"_links":{"self":[{"href":"https:\/\/d2consult.fr\/index.php?rest_route=\/wp\/v2\/pages\/1322","targetHints":{"allow":["GET"]}}],"collection":[{"href":"https:\/\/d2consult.fr\/index.php?rest_route=\/wp\/v2\/pages"}],"about":[{"href":"https:\/\/d2consult.fr\/index.php?rest_route=\/wp\/v2\/types\/page"}],"author":[{"embeddable":true,"href":"https:\/\/d2consult.fr\/index.php?rest_route=\/wp\/v2\/users\/1"}],"replies":[{"embeddable":true,"href":"https:\/\/d2consult.fr\/index.php?rest_route=%2Fwp%2Fv2%2Fcomments&post=1322"}],"version-history":[{"count":20,"href":"https:\/\/d2consult.fr\/index.php?rest_route=\/wp\/v2\/pages\/1322\/revisions"}],"predecessor-version":[{"id":1374,"href":"https:\/\/d2consult.fr\/index.php?rest_route=\/wp\/v2\/pages\/1322\/revisions\/1374"}],"up":[{"embeddable":true,"href":"https:\/\/d2consult.fr\/index.php?rest_route=\/wp\/v2\/pages\/13"}],"wp:attachment":[{"href":"https:\/\/d2consult.fr\/index.php?rest_route=%2Fwp%2Fv2%2Fmedia&parent=1322"}],"curies":[{"name":"wp","href":"https:\/\/api.w.org\/{rel}","templated":true}]}}