{"id":13,"date":"2023-03-20T10:28:31","date_gmt":"2023-03-20T09:28:31","guid":{"rendered":"http:\/\/d2consult.fr\/?page_id=13"},"modified":"2025-03-19T17:08:47","modified_gmt":"2025-03-19T16:08:47","slug":"qui-suis-je","status":"publish","type":"page","link":"https:\/\/d2consult.fr\/?page_id=13","title":{"rendered":"Qui suis-je ?"},"content":{"rendered":"\n<div class=\"wp-block-columns is-layout-flex wp-container-core-columns-is-layout-9d6595d7 wp-block-columns-is-layout-flex\">\n<div class=\"wp-block-column has-base-3-background-color has-background is-layout-flow wp-block-column-is-layout-flow\" style=\"flex-basis:50%\">\n<div class=\"wp-block-columns is-layout-flex wp-container-core-columns-is-layout-9d6595d7 wp-block-columns-is-layout-flex\">\n<div class=\"wp-block-column is-layout-flow wp-block-column-is-layout-flow\" style=\"flex-basis:66.66%\">\n<figure class=\"wp-block-image size-full\"><img loading=\"lazy\" decoding=\"async\" width=\"262\" height=\"263\" src=\"https:\/\/d2consult.fr\/wp-content\/uploads\/2025\/03\/Petite-trombine-ronde.jpg\" alt=\"\" class=\"wp-image-1386\" srcset=\"https:\/\/d2consult.fr\/wp-content\/uploads\/2025\/03\/Petite-trombine-ronde.jpg 262w, https:\/\/d2consult.fr\/wp-content\/uploads\/2025\/03\/Petite-trombine-ronde-150x150.jpg 150w\" sizes=\"auto, (max-width: 262px) 100vw, 262px\" \/><\/figure>\n<\/div>\n\n\n\n<div class=\"wp-block-column is-vertically-aligned-bottom is-layout-flow wp-block-column-is-layout-flow\" style=\"flex-basis:33.33%\">\n<ul class=\"wp-block-social-links is-content-justification-left is-layout-flex wp-container-core-social-links-is-layout-fdcfc74e wp-block-social-links-is-layout-flex\"><li class=\"wp-social-link wp-social-link-linkedin  wp-block-social-link\"><a href=\"https:\/\/www.linkedin.com\/in\/dominiquedupuis2\/\" class=\"wp-block-social-link-anchor\"><svg width=\"24\" height=\"24\" viewBox=\"0 0 24 24\" version=\"1.1\" xmlns=\"http:\/\/www.w3.org\/2000\/svg\" aria-hidden=\"true\" focusable=\"false\"><path d=\"M19.7,3H4.3C3.582,3,3,3.582,3,4.3v15.4C3,20.418,3.582,21,4.3,21h15.4c0.718,0,1.3-0.582,1.3-1.3V4.3 C21,3.582,20.418,3,19.7,3z M8.339,18.338H5.667v-8.59h2.672V18.338z M7.004,8.574c-0.857,0-1.549-0.694-1.549-1.548 c0-0.855,0.691-1.548,1.549-1.548c0.854,0,1.547,0.694,1.547,1.548C8.551,7.881,7.858,8.574,7.004,8.574z M18.339,18.338h-2.669 v-4.177c0-0.996-0.017-2.278-1.387-2.278c-1.389,0-1.601,1.086-1.601,2.206v4.249h-2.667v-8.59h2.559v1.174h0.037 c0.356-0.675,1.227-1.387,2.526-1.387c2.703,0,3.203,1.779,3.203,4.092V18.338z\"><\/path><\/svg><span class=\"wp-block-social-link-label screen-reader-text\">LinkedIn<\/span><\/a><\/li><\/ul>\n<\/div>\n<\/div>\n\n\n\n<div class=\"wp-block-group\"><div class=\"wp-block-group__inner-container is-layout-constrained wp-block-group-is-layout-constrained\">\n<p class=\"has-text-align-center has-large-font-size\"><strong><mark style=\"background-color:rgba(0, 0, 0, 0)\" class=\"has-inline-color has-marron-color\">ACCOMPAGNATRICE EFC<\/mark><\/strong><\/p>\n\n\n\n<div class=\"wp-block-group is-vertical is-layout-flex wp-container-core-group-is-layout-8cf370e7 wp-block-group-is-layout-flex\">\n<p>Le m\u00e9tier de consultant est divers mais voici ce qu\u2019en dit l\u2019Onisep : \u00ab&nbsp;Expert et fin strat\u00e8ge, le consultant <strong><mark style=\"background-color:rgba(0, 0, 0, 0)\" class=\"has-inline-color has-marron-color\">recherche des solutions<\/mark><\/strong> pour am\u00e9liorer le fonctionnement des entreprises, dans des domaines comme l&rsquo;organisation, la relation client, les ressources humaines, les syst\u00e8mes d&rsquo;information, l&rsquo;environnement, etc.&nbsp;\u00bb<\/p>\n\n\n\n<p>Dans la pratique de l\u2019accompagnement EFC, on part du postulat que <mark style=\"background-color:rgba(0, 0, 0, 0)\" class=\"has-inline-color has-marron-color\"><strong>celui qui saura trouver la solution doit \u00eatre engag\u00e9 dans l\u2019action<\/strong>.<\/mark><\/p>\n\n\n\n<p>Le r\u00f4le de l\u2019accompagnement tel que nous le proposons n\u2019est donc pas de trouver une solution mais plut\u00f4t de <mark style=\"background-color:rgba(0, 0, 0, 0)\" class=\"has-inline-color has-marron-color\"><strong>soutenir les personnes engag\u00e9es dans l\u2019action<\/strong>,<\/mark> notamment les dirigeants et les porteurs de projets, en leur apportant des concepts op\u00e9rationnels, des cadres de r\u00e9flexion, des pratiques r\u00e9flexives\u2026 pour <mark style=\"background-color:rgba(0, 0, 0, 0)\" class=\"has-inline-color has-marron-color\"><strong>leur permettre de coconstruire la solution<\/strong>.<\/mark> <\/p>\n\n\n\n<div class=\"wp-block-group is-nowrap is-layout-flex wp-container-core-group-is-layout-ad2f72ca wp-block-group-is-layout-flex\">\n<p class=\"wp-container-content-9e2f13cb\">Ce principe caract\u00e9rise \u00e9galement <a href=\"https:\/\/d2consult.fr\/?page_id=1322#ABCD\">l&rsquo;approche ABCD<\/a> qui cherche \u00e0 toujours privil\u00e9gier le \u00ab\u00a0By\u00a0\u00bb d\u00e8s lors qu&rsquo;il est possible.<\/p>\n\n\n\n<figure class=\"wp-block-image size-full is-resized\"><img loading=\"lazy\" decoding=\"async\" width=\"229\" height=\"228\" src=\"https:\/\/d2consult.fr\/wp-content\/uploads\/2023\/04\/image.png\" alt=\"\" class=\"wp-image-550\" style=\"width:120px;height:118px\" srcset=\"https:\/\/d2consult.fr\/wp-content\/uploads\/2023\/04\/image.png 229w, https:\/\/d2consult.fr\/wp-content\/uploads\/2023\/04\/image-150x150.png 150w\" sizes=\"auto, (max-width: 229px) 100vw, 229px\" \/><\/figure>\n<\/div>\n<\/div>\n\n\n\n<p>En tant qu&rsquo;accompagnatrice EFC, <strong><mark style=\"background-color:rgba(0, 0, 0, 0)\" class=\"has-inline-color has-marron-color\">je m&rsquo;engage dans une relation de coop\u00e9ration sur la dur\u00e9e<\/mark><\/strong> aupr\u00e8s d&rsquo;un dirigeant, d&rsquo;un porteur de projet ou d&rsquo;un collectif porteur d&rsquo;un projet. Je n&rsquo;apporte pas des solutions mais un r\u00e9f\u00e9rentiel de pens\u00e9e et d&rsquo;action que je transmets progressivement pour <strong><mark style=\"background-color:rgba(0, 0, 0, 0)\" class=\"has-inline-color has-marron-color\">soutenir le travail des dirigeants et porteurs de projets<\/mark><\/strong> qui cherchent \u00e0 d\u00e9velopper des activit\u00e9s \u00e0 impact positif pour le territoire. Des effets utiles sociaux et environnementaux.<\/p>\n<\/div><\/div>\n\n\n\n<div class=\"wp-block-group\"><div class=\"wp-block-group__inner-container is-layout-constrained wp-block-group-is-layout-constrained\">\n<p class=\"has-text-align-center has-large-font-size\"><strong><mark style=\"background-color:rgba(0, 0, 0, 0)\" class=\"has-inline-color has-marron-color\">COOPERATION<\/mark><\/strong><\/p>\n\n\n\n<p><strong><mark style=\"background-color:rgba(0, 0, 0, 0)\" class=\"has-inline-color has-marron-color\">Coconstruire des trajectoires alternatives<\/mark><\/strong> et retrouver une capacit\u00e9 \u00e0 relever les d\u00e9fis de la transition est un exercice difficile qui se heurte au mod\u00e8le dominant et se fait sans cesse rattraper par lui. Pour faire face \u00e0 ces difficult\u00e9s, nous intervenons en bin\u00f4me le plus souvent possible et, surtout, nous prenons le temps de partager nos exp\u00e9riences et nos questions avec d\u2019autres accompagnateurs, dirigeants ou porteurs de projets, chercheurs\u2026, dans ce que nous appelons des <strong><mark style=\"background-color:rgba(0, 0, 0, 0)\" class=\"has-inline-color has-marron-color\">temps r\u00e9flexifs<\/mark><\/strong><mark style=\"background-color:rgba(0, 0, 0, 0)\" class=\"has-inline-color has-contrast-color\">, qui permettent de <\/mark><strong><mark style=\"background-color:rgba(0, 0, 0, 0)\" class=\"has-inline-color has-marron-color\">revenir sur l&rsquo;exp\u00e9rience pour en tirer des enseignements, se professionnaliser et innover dans nos pratiques<\/mark><\/strong><mark style=\"background-color:rgba(0, 0, 0, 0)\" class=\"has-inline-color has-contrast-color\">.<\/mark><\/p>\n\n\n\n<p>Ces coop\u00e9rations sont essentielles pour les accompagnateurs et s\u2019organisent notamment au sein <a href=\"https:\/\/www.linkedin.com\/company\/club-inne\/\" target=\"_blank\" rel=\"noreferrer noopener\">du Club Inn\u00e9<\/a> \u00ab&nbsp;Initiative Normande pour de Nouveaux mod\u00e8les \u00c9conomiques&nbsp;\u00bb dont je fais partie ou dans le cadre du programme lanc\u00e9 par l\u2019ADEME en 2020 : le <a href=\"https:\/\/librairie.ademe.fr\/dechets-economie-circulaire\/4795-programme-coop-ter.html\" target=\"_blank\" rel=\"noreferrer noopener\">programme COOP\u2019TER<\/a>, Territoire de Services et de Coop\u00e9rations, auquel je contribue.<\/p>\n<\/div><\/div>\n<\/div>\n\n\n\n<div class=\"wp-block-column is-layout-flow wp-block-column-is-layout-flow\" style=\"flex-basis:40%\">\n<p class=\"has-text-align-center has-text-color has-large-font-size\" style=\"color:#a95413\"><strong><mark style=\"background-color:rgba(0, 0, 0, 0)\" class=\"has-inline-color has-marron-color\">MON PARCOURS<\/mark><\/strong><\/p>\n\n\n\n<div class=\"wp-block-group is-vertical is-layout-flex wp-container-core-group-is-layout-8cf370e7 wp-block-group-is-layout-flex\">\n<p>Apr\u00e8s une formation d\u2019ing\u00e9nieur et un DEA de gestion socio-\u00e9conomique des entreprises et des organisations, j\u2019ai travaill\u00e9 presque <mark style=\"background-color:rgba(0, 0, 0, 0)\" class=\"has-inline-color has-marron-color\"><strong>15 ans comme consultante puis comme responsable op\u00e9rationnelle d\u2019activit\u00e9s industrielles et logistiques<\/strong>.<\/mark><\/p>\n\n\n\n<p>Je me souviens particuli\u00e8rement du poste de responsable d\u2019un laboratoire de d\u00e9veloppement photographique qui m\u2019a amen\u00e9e \u00e0 travailler avec un Greta. L&rsquo;objectif \u00e9tait de concevoir une formation qui soutienne la mise en place d\u2019une r\u00e9organisation de la production. Il s&rsquo;agissait de reconnaitre le travail des op\u00e9rateurs de production dans leur capacit\u00e9 \u00e0 \u00e9valuer la bonne marche des \u00e9quipements et de les aider \u00e0 formuler les probl\u00e8mes rencontr\u00e9s pour en informer les techniciens de maintenance.<\/p>\n\n\n\n<p>Sur ce poste, il y a plus de 30 ans, j&rsquo;ai pu percevoir comment le mod\u00e8le \u00e9conomique peut vider de sens le travail des salari\u00e9s et comment il nous impr\u00e8gne et rend difficile le changement, m\u00eame quand il est essentiel pour r\u00e9pondre aux enjeux qui se posent \u00e0 nous.<\/p>\n\n\n\n<div style=\"height:19px\" aria-hidden=\"true\" class=\"wp-block-spacer wp-container-content-370e7c34\"><\/div>\n<\/div>\n\n\n\n<div class=\"wp-block-group is-vertical is-layout-flex wp-container-core-group-is-layout-8cf370e7 wp-block-group-is-layout-flex\">\n<p>J\u2019ai ensuite \u00e9t\u00e9, pendant un peu plus de 15 ans, <mark style=\"background-color:rgba(0, 0, 0, 0)\" class=\"has-inline-color has-marron-color\"><strong>analyste et consultante dans le monde du num\u00e9rique<\/strong>.<\/mark> Avec une premi\u00e8re p\u00e9riode assez exaltante de d\u00e9couverte des possibles ouverts par le num\u00e9rique y compris dans sa capacit\u00e9 \u00e0 soutenir une transition \u00e9cologique dont l\u2019imp\u00e9ratif \u00e9tait d\u00e9j\u00e0 visible. C\u2019\u00e9tait d&rsquo;ailleurs l\u2019objet de nombreuses \u00e9tudes prospectives proposant des sc\u00e9narios pour l&rsquo;horizon 2025 !<\/p>\n\n\n\n<p>La crise \u00e9conomique de 2008 et la commercialisation des premiers smartphones ont ouvert une p\u00e9riode de d\u00e9sillusion. Le num\u00e9rique est devenu \u00ab&nbsp;l\u00e9gitime&nbsp;\u00bb par lui-m\u00eame et une roue infernale s\u2019est mise en route : la soci\u00e9t\u00e9 se num\u00e9rise donc il faut num\u00e9riser\u2026 sans tenir compte des externalit\u00e9s qui en d\u00e9coulent, environnementales mais aussi sociales.<\/p>\n\n\n\n<p>Je me suis progressivement retrouv\u00e9e dans une situation inconfortable puis intenable o\u00f9 je devais promouvoir une technologie en d\u00e9calage avec les enjeux de notre soci\u00e9t\u00e9 sans que je sois en capacit\u00e9 de le faire valoir.<\/p>\n<\/div>\n\n\n\n<div style=\"height:16px\" aria-hidden=\"true\" class=\"wp-block-spacer\"><\/div>\n\n\n\n<div class=\"wp-block-group is-vertical is-layout-flex wp-container-core-group-is-layout-8cf370e7 wp-block-group-is-layout-flex\">\n<p>Sans vraiment savoir o\u00f9 mes pas allaient me mener, j\u2019ai quitt\u00e9 mon poste en 2017 et j\u2019ai regard\u00e9 le monde autour de moi pour <strong><mark style=\"background-color:rgba(0, 0, 0, 0)\" class=\"has-inline-color has-marron-color\">observer et comprendre les alternatives port\u00e9es par ceux qui cherchent \u00e0 r\u00e9pondre aux enjeux du temps pr\u00e9sent.<\/mark><\/strong><\/p>\n\n\n\n<p>Je me suis investie dans diff\u00e9rentes organisations et j\u2019ai suivi plusieurs formations qui m\u2019ont permis de d\u00e9couvrir avec plus ou moins de profondeur une vari\u00e9t\u00e9 de sujets, approches, concepts&#8230; :<\/p>\n\n\n\n<ul class=\"wp-block-list\">\n<li>Le d\u00e9r\u00e8glement climatique, notamment avec <strong><a rel=\"noreferrer noopener\" href=\"https:\/\/fresqueduclimat.org\/\" target=\"_blank\">l&rsquo;association de la fresque du climat<\/a><\/strong><\/li>\n\n\n\n<li>Le <strong><a href=\"https:\/\/ceebios.com\/biomimetisme\/\" target=\"_blank\" rel=\"noreferrer noopener\">biomim\u00e9tisme<\/a><\/strong><\/li>\n\n\n\n<li>L\u2019approche <a href=\"https:\/\/en.wikipedia.org\/wiki\/Asset-based_community_development\" target=\"_blank\" rel=\"noreferrer noopener\"><strong>ABCD<\/strong><\/a> (Asset Based Community Development)<\/li>\n\n\n\n<li>Les <a href=\"https:\/\/fr.wikipedia.org\/wiki\/Besoins_humains_fondamentaux\" target=\"_blank\" rel=\"noreferrer noopener\"><strong>besoins humains fondamentaux <\/strong><\/a>selon Manfred Max Neef<\/li>\n\n\n\n<li>Les <a href=\"https:\/\/www.un.org\/sustainabledevelopment\/fr\/objectifs-de-developpement-durable\/\" target=\"_blank\" rel=\"noreferrer noopener\"><strong>ODD<\/strong><\/a> (Objectifs de D\u00e9veloppement Durable)<\/li>\n\n\n\n<li><strong><a rel=\"noreferrer noopener\" href=\"https:\/\/www.lelabo-ess.org\/poles-territoriaux-de-cooperation-economique-ptce\" target=\"_blank\">L\u2019ESS, les PTCE<\/a><\/strong> (P\u00f4le Territorial de Coop\u00e9ration Economique)<\/li>\n\n\n\n<li>La <strong><a href=\"https:\/\/instercoop.fr\/portfolio-item\/initiation-maturite-cooperative\/\" target=\"_blank\" rel=\"noreferrer noopener\">maturit\u00e9 coop\u00e9rative <\/a><\/strong><\/li>\n<\/ul>\n<\/div>\n\n\n\n<div style=\"height:15px\" aria-hidden=\"true\" class=\"wp-block-spacer\"><\/div>\n\n\n\n<p>Et enfin l\u2019EFC, <strong><a href=\"https:\/\/d2consult.fr\/?page_id=68\">l\u2019Economie de la Fonctionnalit\u00e9 et de la Coop\u00e9ration<\/a><\/strong>, qui m\u2019a amen\u00e9e \u00e0 travailler 18 mois pour <a rel=\"noreferrer noopener\" href=\"https:\/\/www.ieefc.eu\/\" target=\"_blank\">l\u2019Institut Europ\u00e9en de l\u2019EFC <\/a>et en parall\u00e8le \u00e0 devenir <strong><mark style=\"background-color:rgba(0, 0, 0, 0)\" class=\"has-inline-color has-marron-color\">accompagnatrice EFC<\/mark>.<\/strong><\/p>\n\n\n\n<p>L\u2019Economie de la Fonctionnalit\u00e9 et de la Coop\u00e9ration<strong> <\/strong>est un mod\u00e8le \u00e9conomique ou plut\u00f4t un r\u00e9f\u00e9rentiel qui permet de faire \u00e9voluer les mod\u00e8les \u00e9conomiques, au niveau micro (entreprise) et m\u00e9so (territoire) pour construire des alternatives au mod\u00e8le dominant.<\/p>\n\n\n\n<p>Plus r\u00e9cemment, j&rsquo;ai suivi une formation au <a href=\"https:\/\/d2consult.fr\/?page_id=1378\"><strong>Bilan Carbone\u00ae<\/strong><\/a> pour <mark style=\"background-color:rgba(0, 0, 0, 0)\" class=\"has-inline-color has-marron-color\"><strong>r\u00e9pondre aux besoins des entreprises<\/strong><\/mark> qui souhaitent travailler sur les enjeux \u00e9cologiques par cette porte d&rsquo;entr\u00e9e.<\/p>\n\n\n\n<p class=\"has-medium-font-size\"><a href=\"https:\/\/d2consult.fr\/?page_id=68\" data-type=\"link\" data-id=\"https:\/\/d2consult.fr\/?page_id=1322\" target=\"_blank\" rel=\"noreferrer noopener\">Plus d&rsquo;info sur l&rsquo;EFC<\/a><\/p>\n\n\n\n<p class=\"has-medium-font-size\"><a href=\"https:\/\/d2consult.fr\/?page_id=1378\" data-type=\"link\" data-id=\"https:\/\/d2consult.fr\/?page_id=1322\">Plus d&rsquo;info sur le Bilan Carbone\u00ae<strong> <\/strong><\/a><\/p>\n\n\n\n<p class=\"has-medium-font-size\"><a href=\"https:\/\/d2consult.fr\/?page_id=1322\" data-type=\"link\" data-id=\"https:\/\/d2consult.fr\/?page_id=1322\">Plus d&rsquo;info sur les autres approches <\/a><\/p>\n\n\n\n<p class=\"has-medium-font-size\"><a href=\"https:\/\/d2consult.fr\/?page_id=66\" data-type=\"URL\" data-id=\"d2consult.fr\/?page_id=66\"><strong>D\u00e9couvrir mon offre<\/strong><\/a><\/p>\n<\/div>\n<\/div>\n","protected":false},"excerpt":{"rendered":"<p>ACCOMPAGNATRICE EFC Le m\u00e9tier de consultant est divers mais voici ce qu\u2019en dit l\u2019Onisep : \u00ab&nbsp;Expert et fin strat\u00e8ge, le consultant recherche des solutions pour am\u00e9liorer le fonctionnement des entreprises, dans des domaines comme l&rsquo;organisation, la relation client, les ressources humaines, les syst\u00e8mes d&rsquo;information, l&rsquo;environnement, etc.&nbsp;\u00bb Dans la pratique de l\u2019accompagnement EFC, on part du &#8230; <a title=\"Qui suis-je ?\" class=\"read-more\" href=\"https:\/\/d2consult.fr\/?page_id=13\" aria-label=\"En savoir plus sur Qui suis-je ?\">Lire la suite<\/a><\/p>\n","protected":false},"author":1,"featured_media":0,"parent":0,"menu_order":2,"comment_status":"closed","ping_status":"closed","template":"","meta":{"footnotes":""},"class_list":["post-13","page","type-page","status-publish"],"_links":{"self":[{"href":"https:\/\/d2consult.fr\/index.php?rest_route=\/wp\/v2\/pages\/13","targetHints":{"allow":["GET"]}}],"collection":[{"href":"https:\/\/d2consult.fr\/index.php?rest_route=\/wp\/v2\/pages"}],"about":[{"href":"https:\/\/d2consult.fr\/index.php?rest_route=\/wp\/v2\/types\/page"}],"author":[{"embeddable":true,"href":"https:\/\/d2consult.fr\/index.php?rest_route=\/wp\/v2\/users\/1"}],"replies":[{"embeddable":true,"href":"https:\/\/d2consult.fr\/index.php?rest_route=%2Fwp%2Fv2%2Fcomments&post=13"}],"version-history":[{"count":98,"href":"https:\/\/d2consult.fr\/index.php?rest_route=\/wp\/v2\/pages\/13\/revisions"}],"predecessor-version":[{"id":1388,"href":"https:\/\/d2consult.fr\/index.php?rest_route=\/wp\/v2\/pages\/13\/revisions\/1388"}],"wp:attachment":[{"href":"https:\/\/d2consult.fr\/index.php?rest_route=%2Fwp%2Fv2%2Fmedia&parent=13"}],"curies":[{"name":"wp","href":"https:\/\/api.w.org\/{rel}","templated":true}]}}